{"id":131352,"date":"2019-02-21T15:39:16","date_gmt":"2019-02-21T20:39:16","guid":{"rendered":"https:\/\/www.formeduc.ca\/secourisme-en-milieu-scolaire-en-ligne-8-heures\/"},"modified":"2019-02-21T15:39:16","modified_gmt":"2019-02-21T20:39:16","slug":"secourisme-en-milieu-scolaire-en-ligne-8-heures","status":"publish","type":"product","link":"https:\/\/www.formeduc.ca\/en\/secourisme-en-milieu-scolaire-en-ligne-8-heures\/","title":{"rendered":"Secourisme en milieu scolaire en ligne, 8 heures"},"content":{"rendered":"<h2><strong><span style=\"color: #0794b8;\">Les avantages \u00e0 faire une formation de secourisme en ligne<\/span><\/strong><\/h2>\n<h3>Tous les \u00e9tablissements vou\u00e9s \u00e0 l&#8217;enseignements et \u00e0 l&#8217;\u00e9ducation utilisent maintenant la formation en ligne comme outil d&#8217;enseignement. Form\u00e9duc ne fait pas exception et met les nouvelles technologies au service de ses clients.<\/h3>\n<ul>\n<li>La formation en ligne offre la possibilit\u00e9 d&#8217;aborder chaque chapitre quand vous \u00eates dispos\u00e9 \u00e0 \u00e9tudier et de passer au suivant lorsque celui-ci est bien int\u00e9gr\u00e9. Cette fa\u00e7on de faire contribue \u00e0 consolider les acquis et \u00e0 augmenter le sentiment de comp\u00e9tence.<\/li>\n<li>Chaque section de la formation se termine par un questionnaire et une r\u00e9capitulation de la mati\u00e8re, afin de vous permettre de valider vos connaissances.<\/li>\n<li>Le document de formation\u00a0 est largement illustr\u00e9 et les techniques sont appuy\u00e9es par des s\u00e9quences vid\u00e9o, que vous pouvez visionner autant de fois que vous le d\u00e9sirez.<\/li>\n<li>Le document de formation poss\u00e8de une table des mati\u00e8res et une table des manoeuvres permettant de rep\u00e9rer facilement et rapidement la section ou la technique recherch\u00e9e.<\/li>\n<li>Le contenu de la formation est conforme aux lignes directrices de l&#8217;ILCOR (<em>International Liaison Committee On Resuscitation).\u00a0<\/em>La mission de l\u2019ILCOR est d\u2019identifier et d\u2019examiner la science internationale et des informations pertinentes \u00e0 la r\u00e9animation cardio-respiratoire et les soins cardiovasculaires d\u2019urgence et offrir un consensus sur des recommandations de traitement.<\/li>\n<li>La formation de secourisme en ligne permet de voir et revoir les techniques \u00e0 volont\u00e9, sans avoir \u00e0 attendre 3 ans ou \u00e0 repayer pour assister \u00e0 la formation.<\/li>\n<li>M\u00eame si la formation se fait en ligne, du soutien p\u00e9dagogique est disponible au besoin.<\/li>\n<li>Une fois la formation compl\u00e9t\u00e9e, le participant re\u00e7oit un certificat \u00e9lectronique de fa\u00e7on automatis\u00e9e. Les cartes ne sont plus post\u00e9es de fa\u00e7on syst\u00e9matique. Les participants qui souhaitent recevoir une carte par la poste peuvent en faire la demande par courriel, et celle-ci leur sera achemin\u00e9e sans frais. <strong>Le client b\u00e9n\u00e9ficie d&#8217;une p\u00e9riode de 6 mois \u00e0 compter de la date de commande pour compl\u00e9ter sa d\u00e9marche<\/strong>.<\/li>\n<li>Le certificat est conforme au R\u00e8glement sur les services de garde \u00e9ducatifs en milieu scolaire et \u00e0 la Loi sur l&#8217;Instruction publique (chapitre l-13.3, a.454.1).<\/li>\n<\/ul>\n<p>Formation adapt\u00e9e au milieu scolaire<\/p>\n<p>Volet\u00a0 sur la gestion des allergies s\u00e9v\u00e8res de type anaphylactique<\/p>\n<p>Dur\u00e9e de 8 heures<\/p>\n<h3><strong>Aper\u00e7u du contenu de cette formation:<\/strong><\/h3>\n<ul style=\"list-style-type: circle;\">\n<li>La pr\u00e9vention des traumatismes<\/li>\n<li><span lang=\"FR\"><span style=\"color: #000000; font-family: Times New Roman;\">La pr\u00e9vention des infections<\/span><\/span><\/li>\n<li><span lang=\"FR\"><span style=\"color: #000000; font-family: Times New Roman;\">G\u00e9rer une situation d&#8217;urgence<\/span><\/span><\/li>\n<li><span lang=\"FR\"><span style=\"color: #000000; font-family: Times New Roman;\">\u00c9valuer une situation d\u2019urgence<\/span><\/span><\/li>\n<li><span lang=\"FR\"><span style=\"color: #000000; font-family: Times New Roman;\">Les urgences respiratoires<\/span><\/span><\/li>\n<li><span lang=\"FR\"><span style=\"color: #000000; font-family: Times New Roman;\">La r\u00e9action allergique s\u00e9v\u00e8re (anaphylaxie)<\/span><\/span><\/li>\n<li><span lang=\"FR\"><span style=\"color: #000000; font-family: Times New Roman;\">Les urgences cardio-respiratoires<\/span><\/span><\/li>\n<li><span lang=\"FR\"><span style=\"color: #000000; font-family: Times New Roman;\">Les plaies<\/span><\/span><\/li>\n<li><span lang=\"FR\"><span style=\"color: #000000; font-family: Times New Roman;\">Les blessures \u00e0 la t\u00eate et \u00e0 la colonne vert\u00e9brale<\/span><\/span><\/li>\n<li><span lang=\"FR\"><span style=\"color: #000000; font-family: Times New Roman;\">Les blessures musculo-squelettiques<\/span><\/span><\/li>\n<li><span lang=\"FR\"><span style=\"color: #000000; font-family: Times New Roman;\">Les urgences m\u00e9dicales<\/span><\/span><\/li>\n<li>Urgences dues au froid et \u00e0 la chaleur<\/li>\n<li><span lang=\"FR\"><span style=\"color: #000000; font-family: Times New Roman;\">Les empoisonnements<\/span><\/span><\/li>\n<li>Pr\u00e9vention de la maltraitance chez l&#8217;enfant<\/li>\n<\/ul>\n<p>S\u00e9quences vid\u00e9o repr\u00e9sentatives des techniques \u00e0 jour int\u00e9gr\u00e9es dans le document de formation.<\/p>\n<p>Suite \u00e0 la formation, les participants seront aptes \u00e0 :<\/p>\n<ul>\n<li>Respecter les r\u00e8gles de s\u00e9curit\u00e9 et les mesures de protection.<\/li>\n<li>\u00c9valuer une situation d\u2019urgence afin de prendre les d\u00e9cisions ad\u00e9quates.<\/li>\n<li>Prendre en charge l\u2019\u00e9tat de l\u2019enfant.<\/li>\n<li>Reconna\u00eetre et diff\u00e9rencier les signes et les sympt\u00f4mes pr\u00e9sents dans diverses situations.<\/li>\n<li>Appliquer les interventions de r\u00e9animation et les interventions sp\u00e9cifiques au probl\u00e8me de sant\u00e9 que pr\u00e9sente l\u2019enfant.<\/li>\n<\/ul>\n<p>Note de passage requise: 60%. En cas d&#8217;\u00e9chec, nous vous ferons parvenir un autre examen.<\/p>\n<p>&nbsp;<\/p>\n<p>Vous souhaitez en savoir plus sur cette formation? Contactez-nous!<\/p>\n","protected":false},"excerpt":{"rendered":"<p>&nbsp;<\/p>\n<p>Le cours en ligne <strong><em>Secourisme en milieu scolaire\u00a0<\/em><\/strong>permet l\u2019acquisition des connaissances et des habilet\u00e9s n\u00e9cessaires pour intervenir aupr\u00e8s des enfants.<\/p>\n<p>&nbsp;<\/p>\n<p>Form\u00e9duc met les technologies d&#8217;aujourd&#8217;hui au service des professionnels de la petite enfance! La formation en ligne offre la possibilit\u00e9 d&#8217;aborder chaque chapitre \u00e0 son propre rythme et de visionner les s\u00e9quences vid\u00e9o des techniques autant de fois que vous le d\u00e9sirez, ce qui consolide les acquis et augmente le sentiment de comp\u00e9tence.\u00a0 Cette approche tient compte des nouvelles r\u00e9alit\u00e9s en mati\u00e8re d&#8217;enseignement et des besoins d&#8217;aujourd&#8217;hui de pouvoir faire une formation au moment qui convient \u00e0 l&#8217;apprenant.<\/p>\n<p>&nbsp;<\/p>\n<h3><span style=\"color: #ff0000;\">Le client b\u00e9n\u00e9ficie d&#8217;une p\u00e9riode de 6 mois \u00e0 compter de la date de commande pour compl\u00e9ter sa d\u00e9marche.<\/span><\/h3>\n<p>&nbsp;<\/p>\n<p>Une fois la formation compl\u00e9t\u00e9e, un certificat vous sera achemin\u00e9 automatiquement par courriel.\u00a0 Les cartes ne sont plus post\u00e9es de fa\u00e7on syst\u00e9matique. Les participants qui souhaitent recevoir une carte par la poste peuvent en faire la demande par courriel, et celle-ci leur sera achemin\u00e9e sans frais. Le certificat est valide pour 3 ans.<\/p>\n<p>&nbsp;<\/p>\n<p>Formation conforme au R\u00e8glement sur les services de garde \u00e9ducatifs en milieu scolaire et \u00e0 la Loi sur l&#8217;instruction publique (chapitre l-13.3, a. 454.1).Pour les milieux de travail en dehors du Qu\u00e9bec, veuillez v\u00e9rifier aupr\u00e8s de votre employeur si un certificat \u00e9mis au Qu\u00e9bec sera accept\u00e9 avant de commander la formation.<\/p>\n<ul>\n<li>Secourisme en milieu scolaire<\/li>\n<li>Volet sur la gestion des allergies s\u00e9v\u00e8res de type anaphylactique<\/li>\n<li>Dur\u00e9e de 8 heures<\/li>\n<\/ul>\n<p>&nbsp;<\/p>\n<p>N&#8217;attendez plus et commandez cette formation en ligne au co\u00fbt abordable de 47.83$<\/p>\n<p>Connexion \u00e0 internet requise pour suivre la formation.<\/p>\n<p>&nbsp;<\/p>\n","protected":false},"featured_media":119158,"comment_status":"closed","ping_status":"closed","template":"","meta":{"_acf_changed":false},"product_brand":[],"product_cat":[],"product_tag":[],"class_list":{"0":"post-131352","1":"product","2":"type-product","3":"status-publish","4":"has-post-thumbnail","7":"first","8":"instock","9":"taxable","10":"shipping-taxable","11":"product-type-simple"},"acf":[],"yoast_head":"<!-- This site is optimized with the Yoast SEO plugin v27.5 - https:\/\/yoast.com\/product\/yoast-seo-wordpress\/ -->\n<title>Secourisme en milieu scolaire en ligne, 8 heures - Formeduc<\/title>\n<meta name=\"robots\" content=\"index, follow, max-snippet:-1, max-image-preview:large, max-video-preview:-1\" \/>\n<link rel=\"canonical\" href=\"https:\/\/www.formeduc.ca\/en\/secourisme-en-milieu-scolaire-en-ligne-8-heures\/\" \/>\n<meta property=\"og:locale\" content=\"en_US\" \/>\n<meta property=\"og:type\" content=\"article\" \/>\n<meta property=\"og:title\" content=\"Secourisme en milieu scolaire en ligne, 8 heures - Formeduc\" \/>\n<meta property=\"og:description\" content=\"&nbsp;  Le cours en ligne Secourisme en milieu scolaire\u00a0permet l\u2019acquisition des connaissances et des habilet\u00e9s n\u00e9cessaires pour intervenir aupr\u00e8s des enfants.  &nbsp;  Form\u00e9duc met les technologies d&#039;aujourd&#039;hui au service des professionnels de la petite enfance! La formation en ligne offre la possibilit\u00e9 d&#039;aborder chaque chapitre \u00e0 son propre rythme et de visionner les s\u00e9quences vid\u00e9o des techniques autant de fois que vous le d\u00e9sirez, ce qui consolide les acquis et augmente le sentiment de comp\u00e9tence.\u00a0 Cette approche tient compte des nouvelles r\u00e9alit\u00e9s en mati\u00e8re d&#039;enseignement et des besoins d&#039;aujourd&#039;hui de pouvoir faire une formation au moment qui convient \u00e0 l&#039;apprenant.  &nbsp; Le client b\u00e9n\u00e9ficie d&#039;une p\u00e9riode de 6 mois \u00e0 compter de la date de commande pour compl\u00e9ter sa d\u00e9marche. &nbsp;  Une fois la formation compl\u00e9t\u00e9e, un certificat vous sera achemin\u00e9 automatiquement par courriel.\u00a0 Les cartes ne sont plus post\u00e9es de fa\u00e7on syst\u00e9matique. Les participants qui souhaitent recevoir une carte par la poste peuvent en faire la demande par courriel, et celle-ci leur sera achemin\u00e9e sans frais. Le certificat est valide pour 3 ans.  &nbsp;  Formation conforme au R\u00e8glement sur les services de garde \u00e9ducatifs en milieu scolaire et \u00e0 la Loi sur l&#039;instruction publique (chapitre l-13.3, a. 454.1).Pour les milieux de travail en dehors du Qu\u00e9bec, veuillez v\u00e9rifier aupr\u00e8s de votre employeur si un certificat \u00e9mis au Qu\u00e9bec sera accept\u00e9 avant de commander la formation.   Secourisme en milieu scolaire  Volet sur la gestion des allergies s\u00e9v\u00e8res de type anaphylactique  Dur\u00e9e de 8 heures  &nbsp;  N&#039;attendez plus et commandez cette formation en ligne au co\u00fbt abordable de 47.83$  Connexion \u00e0 internet requise pour suivre la formation.  &nbsp;\" \/>\n<meta property=\"og:url\" content=\"https:\/\/www.formeduc.ca\/en\/secourisme-en-milieu-scolaire-en-ligne-8-heures\/\" \/>\n<meta property=\"og:site_name\" content=\"Formeduc\" \/>\n<meta name=\"twitter:label1\" content=\"Est. reading time\" \/>\n\t<meta name=\"twitter:data1\" content=\"3 minutes\" \/>\n<script type=\"application\/ld+json\" class=\"yoast-schema-graph\">{\"@context\":\"https:\\\/\\\/schema.org\",\"@graph\":[{\"@type\":\"WebPage\",\"@id\":\"https:\\\/\\\/www.formeduc.ca\\\/en\\\/secourisme-en-milieu-scolaire-en-ligne-8-heures\\\/\",\"url\":\"https:\\\/\\\/www.formeduc.ca\\\/en\\\/secourisme-en-milieu-scolaire-en-ligne-8-heures\\\/\",\"name\":\"Secourisme en milieu scolaire en ligne, 8 heures - Formeduc\",\"isPartOf\":{\"@id\":\"https:\\\/\\\/www.formeduc.ca\\\/en\\\/#website\"},\"primaryImageOfPage\":{\"@id\":\"https:\\\/\\\/www.formeduc.ca\\\/en\\\/secourisme-en-milieu-scolaire-en-ligne-8-heures\\\/#primaryimage\"},\"image\":{\"@id\":\"https:\\\/\\\/www.formeduc.ca\\\/en\\\/secourisme-en-milieu-scolaire-en-ligne-8-heures\\\/#primaryimage\"},\"thumbnailUrl\":\"https:\\\/\\\/www.formeduc.ca\\\/wp-content\\\/uploads\\\/2024\\\/04\\\/Secourisme-en-milieu-scolaire-en-ligne-8-heures.png\",\"datePublished\":\"2019-02-21T20:39:16+00:00\",\"breadcrumb\":{\"@id\":\"https:\\\/\\\/www.formeduc.ca\\\/en\\\/secourisme-en-milieu-scolaire-en-ligne-8-heures\\\/#breadcrumb\"},\"inLanguage\":\"en-US\",\"potentialAction\":[{\"@type\":\"ReadAction\",\"target\":[\"https:\\\/\\\/www.formeduc.ca\\\/en\\\/secourisme-en-milieu-scolaire-en-ligne-8-heures\\\/\"]}]},{\"@type\":\"ImageObject\",\"inLanguage\":\"en-US\",\"@id\":\"https:\\\/\\\/www.formeduc.ca\\\/en\\\/secourisme-en-milieu-scolaire-en-ligne-8-heures\\\/#primaryimage\",\"url\":\"https:\\\/\\\/www.formeduc.ca\\\/wp-content\\\/uploads\\\/2024\\\/04\\\/Secourisme-en-milieu-scolaire-en-ligne-8-heures.png\",\"contentUrl\":\"https:\\\/\\\/www.formeduc.ca\\\/wp-content\\\/uploads\\\/2024\\\/04\\\/Secourisme-en-milieu-scolaire-en-ligne-8-heures.png\",\"width\":1920,\"height\":1920},{\"@type\":\"BreadcrumbList\",\"@id\":\"https:\\\/\\\/www.formeduc.ca\\\/en\\\/secourisme-en-milieu-scolaire-en-ligne-8-heures\\\/#breadcrumb\",\"itemListElement\":[{\"@type\":\"ListItem\",\"position\":1,\"name\":\"Accueil\",\"item\":\"https:\\\/\\\/www.formeduc.ca\\\/en\\\/\"},{\"@type\":\"ListItem\",\"position\":2,\"name\":\"Shop\",\"item\":\"https:\\\/\\\/www.formeduc.ca\\\/en\\\/shop\\\/\"},{\"@type\":\"ListItem\",\"position\":3,\"name\":\"Secourisme en milieu scolaire en ligne, 8 heures\"}]},{\"@type\":\"WebSite\",\"@id\":\"https:\\\/\\\/www.formeduc.ca\\\/en\\\/#website\",\"url\":\"https:\\\/\\\/www.formeduc.ca\\\/en\\\/\",\"name\":\"Formeduc\",\"description\":\"\",\"potentialAction\":[{\"@type\":\"SearchAction\",\"target\":{\"@type\":\"EntryPoint\",\"urlTemplate\":\"https:\\\/\\\/www.formeduc.ca\\\/en\\\/?s={search_term_string}\"},\"query-input\":{\"@type\":\"PropertyValueSpecification\",\"valueRequired\":true,\"valueName\":\"search_term_string\"}}],\"inLanguage\":\"en-US\"}]}<\/script>\n<!-- \/ Yoast SEO plugin. -->","yoast_head_json":{"title":"Secourisme en milieu scolaire en ligne, 8 heures - Formeduc","robots":{"index":"index","follow":"follow","max-snippet":"max-snippet:-1","max-image-preview":"max-image-preview:large","max-video-preview":"max-video-preview:-1"},"canonical":"https:\/\/www.formeduc.ca\/en\/secourisme-en-milieu-scolaire-en-ligne-8-heures\/","og_locale":"en_US","og_type":"article","og_title":"Secourisme en milieu scolaire en ligne, 8 heures - Formeduc","og_description":"&nbsp;  Le cours en ligne Secourisme en milieu scolaire\u00a0permet l\u2019acquisition des connaissances et des habilet\u00e9s n\u00e9cessaires pour intervenir aupr\u00e8s des enfants.  &nbsp;  Form\u00e9duc met les technologies d'aujourd'hui au service des professionnels de la petite enfance! La formation en ligne offre la possibilit\u00e9 d'aborder chaque chapitre \u00e0 son propre rythme et de visionner les s\u00e9quences vid\u00e9o des techniques autant de fois que vous le d\u00e9sirez, ce qui consolide les acquis et augmente le sentiment de comp\u00e9tence.\u00a0 Cette approche tient compte des nouvelles r\u00e9alit\u00e9s en mati\u00e8re d'enseignement et des besoins d'aujourd'hui de pouvoir faire une formation au moment qui convient \u00e0 l'apprenant.  &nbsp; Le client b\u00e9n\u00e9ficie d'une p\u00e9riode de 6 mois \u00e0 compter de la date de commande pour compl\u00e9ter sa d\u00e9marche. &nbsp;  Une fois la formation compl\u00e9t\u00e9e, un certificat vous sera achemin\u00e9 automatiquement par courriel.\u00a0 Les cartes ne sont plus post\u00e9es de fa\u00e7on syst\u00e9matique. Les participants qui souhaitent recevoir une carte par la poste peuvent en faire la demande par courriel, et celle-ci leur sera achemin\u00e9e sans frais. Le certificat est valide pour 3 ans.  &nbsp;  Formation conforme au R\u00e8glement sur les services de garde \u00e9ducatifs en milieu scolaire et \u00e0 la Loi sur l'instruction publique (chapitre l-13.3, a. 454.1).Pour les milieux de travail en dehors du Qu\u00e9bec, veuillez v\u00e9rifier aupr\u00e8s de votre employeur si un certificat \u00e9mis au Qu\u00e9bec sera accept\u00e9 avant de commander la formation.   Secourisme en milieu scolaire  Volet sur la gestion des allergies s\u00e9v\u00e8res de type anaphylactique  Dur\u00e9e de 8 heures  &nbsp;  N'attendez plus et commandez cette formation en ligne au co\u00fbt abordable de 47.83$  Connexion \u00e0 internet requise pour suivre la formation.  &nbsp;","og_url":"https:\/\/www.formeduc.ca\/en\/secourisme-en-milieu-scolaire-en-ligne-8-heures\/","og_site_name":"Formeduc","twitter_misc":{"Est. reading time":"3 minutes"},"schema":{"@context":"https:\/\/schema.org","@graph":[{"@type":"WebPage","@id":"https:\/\/www.formeduc.ca\/en\/secourisme-en-milieu-scolaire-en-ligne-8-heures\/","url":"https:\/\/www.formeduc.ca\/en\/secourisme-en-milieu-scolaire-en-ligne-8-heures\/","name":"Secourisme en milieu scolaire en ligne, 8 heures - Formeduc","isPartOf":{"@id":"https:\/\/www.formeduc.ca\/en\/#website"},"primaryImageOfPage":{"@id":"https:\/\/www.formeduc.ca\/en\/secourisme-en-milieu-scolaire-en-ligne-8-heures\/#primaryimage"},"image":{"@id":"https:\/\/www.formeduc.ca\/en\/secourisme-en-milieu-scolaire-en-ligne-8-heures\/#primaryimage"},"thumbnailUrl":"https:\/\/www.formeduc.ca\/wp-content\/uploads\/2024\/04\/Secourisme-en-milieu-scolaire-en-ligne-8-heures.png","datePublished":"2019-02-21T20:39:16+00:00","breadcrumb":{"@id":"https:\/\/www.formeduc.ca\/en\/secourisme-en-milieu-scolaire-en-ligne-8-heures\/#breadcrumb"},"inLanguage":"en-US","potentialAction":[{"@type":"ReadAction","target":["https:\/\/www.formeduc.ca\/en\/secourisme-en-milieu-scolaire-en-ligne-8-heures\/"]}]},{"@type":"ImageObject","inLanguage":"en-US","@id":"https:\/\/www.formeduc.ca\/en\/secourisme-en-milieu-scolaire-en-ligne-8-heures\/#primaryimage","url":"https:\/\/www.formeduc.ca\/wp-content\/uploads\/2024\/04\/Secourisme-en-milieu-scolaire-en-ligne-8-heures.png","contentUrl":"https:\/\/www.formeduc.ca\/wp-content\/uploads\/2024\/04\/Secourisme-en-milieu-scolaire-en-ligne-8-heures.png","width":1920,"height":1920},{"@type":"BreadcrumbList","@id":"https:\/\/www.formeduc.ca\/en\/secourisme-en-milieu-scolaire-en-ligne-8-heures\/#breadcrumb","itemListElement":[{"@type":"ListItem","position":1,"name":"Accueil","item":"https:\/\/www.formeduc.ca\/en\/"},{"@type":"ListItem","position":2,"name":"Shop","item":"https:\/\/www.formeduc.ca\/en\/shop\/"},{"@type":"ListItem","position":3,"name":"Secourisme en milieu scolaire en ligne, 8 heures"}]},{"@type":"WebSite","@id":"https:\/\/www.formeduc.ca\/en\/#website","url":"https:\/\/www.formeduc.ca\/en\/","name":"Formeduc","description":"","potentialAction":[{"@type":"SearchAction","target":{"@type":"EntryPoint","urlTemplate":"https:\/\/www.formeduc.ca\/en\/?s={search_term_string}"},"query-input":{"@type":"PropertyValueSpecification","valueRequired":true,"valueName":"search_term_string"}}],"inLanguage":"en-US"}]}},"_links":{"self":[{"href":"https:\/\/www.formeduc.ca\/en\/wp-json\/wp\/v2\/product\/131352","targetHints":{"allow":["GET"]}}],"collection":[{"href":"https:\/\/www.formeduc.ca\/en\/wp-json\/wp\/v2\/product"}],"about":[{"href":"https:\/\/www.formeduc.ca\/en\/wp-json\/wp\/v2\/types\/product"}],"replies":[{"embeddable":true,"href":"https:\/\/www.formeduc.ca\/en\/wp-json\/wp\/v2\/comments?post=131352"}],"wp:featuredmedia":[{"embeddable":true,"href":"https:\/\/www.formeduc.ca\/en\/wp-json\/wp\/v2\/media\/119158"}],"wp:attachment":[{"href":"https:\/\/www.formeduc.ca\/en\/wp-json\/wp\/v2\/media?parent=131352"}],"wp:term":[{"taxonomy":"product_brand","embeddable":true,"href":"https:\/\/www.formeduc.ca\/en\/wp-json\/wp\/v2\/product_brand?post=131352"},{"taxonomy":"product_cat","embeddable":true,"href":"https:\/\/www.formeduc.ca\/en\/wp-json\/wp\/v2\/product_cat?post=131352"},{"taxonomy":"product_tag","embeddable":true,"href":"https:\/\/www.formeduc.ca\/en\/wp-json\/wp\/v2\/product_tag?post=131352"}],"curies":[{"name":"wp","href":"https:\/\/api.w.org\/{rel}","templated":true}]}}