{"id":131359,"date":"2019-11-15T13:42:18","date_gmt":"2019-11-15T18:42:18","guid":{"rendered":"https:\/\/www.formeduc.ca\/?post_type=product&#038;p=131359"},"modified":"2026-05-09T12:30:11","modified_gmt":"2026-05-09T17:30:11","slug":"first-aid-renewal-for-early-childhood-online-6-hours","status":"publish","type":"product","link":"https:\/\/www.formeduc.ca\/en\/first-aid-renewal-for-early-childhood-online-6-hours\/","title":{"rendered":"First Aid Renewal for Early Childhood, Online, 6 Hours"},"content":{"rendered":"<h2><strong><span style=\"color: #0794b8;\">Les avantages \u00e0 faire une formation de secourisme en ligne<\/span><\/strong><\/h2>\n<h3>Tous les \u00e9tablissements vou\u00e9s \u00e0 l&#8217;enseignements et \u00e0 l&#8217;\u00e9ducation utilisent maintenant la formation en ligne comme outil d&#8217;enseignement. Form\u00e9duc ne fait pas exception et met les nouvelles technologies au service de ses clients.<\/h3>\n<ul>\n<li>La formation en ligne offre la possibilit\u00e9 d&#8217;aborder chaque chapitre quand vous \u00eates dispos\u00e9 \u00e0 \u00e9tudier et de passer au suivant lorsque celui-ci est bien int\u00e9gr\u00e9. Cette fa\u00e7on de faire contribue \u00e0 consolider les acquis et \u00e0 augmenter le sentiment de comp\u00e9tence.<\/li>\n<li>Chaque section de la formation se termine par un questionnaire afin de vous permettre de valider vos connaissances.<\/li>\n<li>Le document de formation est tr\u00e8s tr\u00e8s complet! Il comporte 14 sections. Chacune des sections est largement illustr\u00e9e et les techniques sont appuy\u00e9es par des s\u00e9quences vid\u00e9o, que vous pouvez visionner autant de fois que vous le d\u00e9sirez.<\/li>\n<li>Le contenu de la formation est conforme aux lignes directrices de l&#8217;ILCOR (<em>International Liaison Committee On Resuscitation).\u00a0<\/em>La mission de l\u2019ILCOR est d\u2019identifier et d\u2019examiner la science internationale et des informations pertinentes \u00e0 la r\u00e9animation cardio-respiratoire et les soins cardiovasculaires d\u2019urgence et offrir un consensus sur des recommandations de traitement.<\/li>\n<li>La formation de secourisme en ligne permet de voir et revoir les techniques \u00e0 volont\u00e9, sans avoir \u00e0 attendre 3 ans ou \u00e0 repayer pour assister \u00e0 la formation.<\/li>\n<li>M\u00eame si la formation se fait en ligne, du soutien p\u00e9dagogique est disponible au besoin.<\/li>\n<li>Une fois la formation compl\u00e9t\u00e9e, le participant peut faire son examen sur une plate-forme automatis\u00e9e. 3 essais sont accord\u00e9s pour l&#8217;examen. Apr\u00e8s la r\u00e9ussite de celui-ci, le participant re\u00e7oit automatiquement la note obtenue, la r\u00e9troaction de m\u00eame qu&#8217;un certificat \u00e9lectronique par courriel. Les cartes ne sont plus post\u00e9es de fa\u00e7on syst\u00e9matique. Les participants qui souhaitent recevoir une carte par la poste peuvent en faire la demande par courriel, et celle-ci leur sera achemin\u00e9e sans frais. <strong>Le client b\u00e9n\u00e9ficie d&#8217;une p\u00e9riode de 6 mois \u00e0 compter de la date de commande pour compl\u00e9ter sa d\u00e9marche<\/strong>.<\/li>\n<li>Carte perdue ou endommag\u00e9e: Vous pouvez demander une r\u00e9-impression de certificat. des frais de 10.00$ par certificat sont applicables.<\/li>\n<li><strong>AUCUN REMBOURSEMENT sur les formations en ligne.<\/strong><\/li>\n<li>Le certificat est conforme aux normes du minist\u00e8re de la Famille et les mentions exig\u00e9es\u00a0\u00e0 l&#8217;article 20 du R\u00e8glement sur les services de garde \u00e9ducatifs \u00e0 l&#8217;enfance (L.R.Q.,c.S.4.1.1, r.2) sont inscrites sur le certificat:<\/li>\n<\/ul>\n<p>Formation adapt\u00e9e \u00e0 la petite enfance<\/p>\n<p>Volet\u00a0 sur la gestion des allergies s\u00e9v\u00e8res de type anaphylactique<\/p>\n<p>Training Duration: 6 hours<\/p>\n<h3><strong>Here is an overview of the content of this training:<\/strong><\/h3>\n<ul style=\"list-style-type: circle;\">\n<li>Trauma prevention<\/li>\n<li>Infection prevention<\/li>\n<li>Managing an emergency situation<\/li>\n<li>Assessing an emergency situation<\/li>\n<li>Respiratory emergencies<\/li>\n<li>Severe allergic reactions (anaphylaxis)<\/li>\n<li>Cardiopulmonary emergencies<\/li>\n<li>Wounds<\/li>\n<li>Head and spinal cord injuries<\/li>\n<li>Shaken baby syndrome<\/li>\n<li>Musculoskeletal injuries<\/li>\n<li>Medical emergencies<\/li>\n<li>Emergencies due to cold and heat<\/li>\n<li>Poisonings<\/li>\n<li>Child abuse prevention<\/li>\n<\/ul>\n<p>Video sequences demonstrating up-to-date techniques integrated into the training document.<\/p>\n<p>Suite \u00e0 la formation, les participants seront aptes \u00e0 :<\/p>\n<ul>\n<li>Respecter les r\u00e8gles de s\u00e9curit\u00e9 et les mesures de protection.<\/li>\n<li>\u00c9valuer une situation d\u2019urgence afin de prendre les d\u00e9cisions ad\u00e9quates.<\/li>\n<li>Prendre en charge l\u2019\u00e9tat de l\u2019enfant.<\/li>\n<li>Reconna\u00eetre et diff\u00e9rencier les signes et les sympt\u00f4mes pr\u00e9sents dans diverses situations.<\/li>\n<li>Appliquer les interventions de r\u00e9animation et les interventions sp\u00e9cifiques au probl\u00e8me de sant\u00e9 que pr\u00e9sente l\u2019enfant.<\/li>\n<\/ul>\n<p>Note de passage requise: 60%. En cas d&#8217;\u00e9chec, nous vous ferons parvenir un autre examen.<\/p>\n<p>&nbsp;<\/p>\n<p>Vous souhaitez avoir plus d&#8217;informations sur cette formation? Contactez-nous!<\/p>\n","protected":false},"excerpt":{"rendered":"<p>The online <em><strong>First Aid Renewal for Early Childhood<\/strong><\/em> course allows you to review the concepts from the 8-hour basic training.<\/p>\n<p><span style=\"color: #ff0000;\"><strong>IMPORTANT! The ministry requires an 8-hour basic course to be eligible for a 6-hour certificate renewal. Keep your initial 8-hour certificate in case of verification by your employer or coordinating office. If you do not have an 8-hour certificate or if your 8-hour certificate has expired, we recommend completing the 8-hour basic training before renewing with the 6-hour course.<\/strong><\/span><\/p>\n<p>Form\u00e9duc uses today\u2019s technology to support early childhood professionals! The online training offers the opportunity to go through each chapter at your own pace and watch video sequences of the techniques as many times as you wish, which reinforces learning and increases confidence. This approach addresses today\u2019s educational needs, allowing learners to take the course when it suits them.<\/p>\n<h3><span style=\"color: #ff0000;\">The client has 6 months from the date of order to complete the course.<\/span><\/h3>\n<p>Upon completion, a certificate will be automatically sent via email. Cards are no longer systematically mailed. Participants wishing to receive a card by post can request it by email, and it will be sent free of charge. The certificate is valid for 3 years.<\/p>\n<p>Tel que requis \u00e0 l&#8217;article 51 du R\u00e8glement sur les services de garde \u00e9ducatifs \u00e0 l&#8217;enfance (L.R.Q.,c.S.4.1.1, r.2), les mentions suivantes sont indiqu\u00e9es sur le certificat:<\/p>\n<ul>\n<li>Formation adapt\u00e9e \u00e0 la petite enfance<\/li>\n<li>Volet sur la gestion des allergies s\u00e9v\u00e8res de type anaphylactique<\/li>\n<li>Training Duration: 6 hours<\/li>\n<\/ul>\n<p>N&#8217;attendez plus et commandez cette formation en ligne au co\u00fbt abordable de 47.83$. Connexion \u00e0 internet requise pour suivre la formation. <span style=\"color: #ff6600;\"><strong>This training is available in English<\/strong><\/span>\u00a0\u00a0<a href=\"https:\/\/www.formeduc.ca\/en\/?attachment_id=119823\">https:\/\/www.formeduc.ca\/produit\/first-aid-adapted-for-early-childhood-6-hour\/<\/a> Si vous avez besoin d&#8217;une trousse de premiers soins, cliquez ici : \u00a0 <a href=\"https:\/\/www.formeduc.ca\/produit\/trousse-premiers-soins-garderie\/\">Trousse de premiers soins services de garde<\/a><\/p>\n","protected":false},"featured_media":119196,"comment_status":"closed","ping_status":"closed","template":"","meta":{"_acf_changed":false},"product_brand":[],"product_cat":[],"product_tag":[],"class_list":{"0":"post-131359","1":"product","2":"type-product","3":"status-publish","4":"has-post-thumbnail","7":"first","8":"instock","9":"virtual","10":"taxable","11":"purchasable","12":"product-type-simple"},"acf":[],"yoast_head":"<!-- This site is optimized with the Yoast SEO plugin v27.5 - https:\/\/yoast.com\/product\/yoast-seo-wordpress\/ -->\n<title>First Aid Renewal for Early Childhood, Online, 6 Hours - Formeduc<\/title>\n<meta name=\"robots\" content=\"index, follow, max-snippet:-1, max-image-preview:large, max-video-preview:-1\" \/>\n<link rel=\"canonical\" href=\"https:\/\/www.formeduc.ca\/en\/first-aid-renewal-for-early-childhood-online-6-hours\/\" \/>\n<meta property=\"og:locale\" content=\"en_US\" \/>\n<meta property=\"og:type\" content=\"article\" \/>\n<meta property=\"og:title\" content=\"First Aid Renewal for Early Childhood, Online, 6 Hours - Formeduc\" \/>\n<meta property=\"og:description\" content=\"The online First Aid Renewal for Early Childhood course allows you to review the concepts from the 8-hour basic training.  IMPORTANT! The ministry requires an 8-hour basic course to be eligible for a 6-hour certificate renewal. Keep your initial 8-hour certificate in case of verification by your employer or coordinating office. If you do not have an 8-hour certificate or if your 8-hour certificate has expired, we recommend completing the 8-hour basic training before renewing with the 6-hour course.  Form\u00e9duc uses today\u2019s technology to support early childhood professionals! The online training offers the opportunity to go through each chapter at your own pace and watch video sequences of the techniques as many times as you wish, which reinforces learning and increases confidence. This approach addresses today\u2019s educational needs, allowing learners to take the course when it suits them. The client has 6 months from the date of order to complete the course. Upon completion, a certificate will be automatically sent via email. Cards are no longer systematically mailed. Participants wishing to receive a card by post can request it by email, and it will be sent free of charge. The certificate is valid for 3 years.  Tel que requis \u00e0 l&#039;article 51 du R\u00e8glement sur les services de garde \u00e9ducatifs \u00e0 l&#039;enfance (L.R.Q.,c.S.4.1.1, r.2), les mentions suivantes sont indiqu\u00e9es sur le certificat:   Formation adapt\u00e9e \u00e0 la petite enfance  Volet sur la gestion des allergies s\u00e9v\u00e8res de type anaphylactique  Training Duration: 6 hours  N&#039;attendez plus et commandez cette formation en ligne au co\u00fbt abordable de 47.83$. Connexion \u00e0 internet requise pour suivre la formation. This training is available in English\u00a0\u00a0https:\/\/www.formeduc.ca\/produit\/first-aid-adapted-for-early-childhood-6-hour\/ Si vous avez besoin d&#039;une trousse de premiers soins, cliquez ici : \u00a0 Trousse de premiers soins services de garde\" \/>\n<meta property=\"og:url\" content=\"https:\/\/www.formeduc.ca\/en\/first-aid-renewal-for-early-childhood-online-6-hours\/\" \/>\n<meta property=\"og:site_name\" content=\"Formeduc\" \/>\n<meta property=\"article:modified_time\" content=\"2026-05-09T17:30:11+00:00\" \/>\n<meta property=\"og:image\" content=\"https:\/\/www.formeduc.ca\/wp-content\/uploads\/2019\/11\/Renouvellement-Secourisme-adapte-a-la-petite-enfance-en-ligne-6-heures-1024x1024.png\" \/>\n\t<meta property=\"og:image:width\" content=\"1024\" \/>\n\t<meta property=\"og:image:height\" content=\"1024\" \/>\n\t<meta property=\"og:image:type\" content=\"image\/png\" \/>\n<meta name=\"twitter:label1\" content=\"Est. reading time\" \/>\n\t<meta name=\"twitter:data1\" content=\"3 minutes\" \/>\n<script type=\"application\/ld+json\" class=\"yoast-schema-graph\">{\"@context\":\"https:\\\/\\\/schema.org\",\"@graph\":[{\"@type\":\"WebPage\",\"@id\":\"https:\\\/\\\/www.formeduc.ca\\\/en\\\/first-aid-renewal-for-early-childhood-online-6-hours\\\/\",\"url\":\"https:\\\/\\\/www.formeduc.ca\\\/en\\\/first-aid-renewal-for-early-childhood-online-6-hours\\\/\",\"name\":\"First Aid Renewal for Early Childhood, Online, 6 Hours - Formeduc\",\"isPartOf\":{\"@id\":\"https:\\\/\\\/www.formeduc.ca\\\/en\\\/#website\"},\"primaryImageOfPage\":{\"@id\":\"https:\\\/\\\/www.formeduc.ca\\\/en\\\/first-aid-renewal-for-early-childhood-online-6-hours\\\/#primaryimage\"},\"image\":{\"@id\":\"https:\\\/\\\/www.formeduc.ca\\\/en\\\/first-aid-renewal-for-early-childhood-online-6-hours\\\/#primaryimage\"},\"thumbnailUrl\":\"https:\\\/\\\/www.formeduc.ca\\\/wp-content\\\/uploads\\\/2019\\\/11\\\/Renouvellement-Secourisme-adapte-a-la-petite-enfance-en-ligne-6-heures.png\",\"datePublished\":\"2019-11-15T18:42:18+00:00\",\"dateModified\":\"2026-05-09T17:30:11+00:00\",\"breadcrumb\":{\"@id\":\"https:\\\/\\\/www.formeduc.ca\\\/en\\\/first-aid-renewal-for-early-childhood-online-6-hours\\\/#breadcrumb\"},\"inLanguage\":\"en-US\",\"potentialAction\":[{\"@type\":\"ReadAction\",\"target\":[\"https:\\\/\\\/www.formeduc.ca\\\/en\\\/first-aid-renewal-for-early-childhood-online-6-hours\\\/\"]}]},{\"@type\":\"ImageObject\",\"inLanguage\":\"en-US\",\"@id\":\"https:\\\/\\\/www.formeduc.ca\\\/en\\\/first-aid-renewal-for-early-childhood-online-6-hours\\\/#primaryimage\",\"url\":\"https:\\\/\\\/www.formeduc.ca\\\/wp-content\\\/uploads\\\/2019\\\/11\\\/Renouvellement-Secourisme-adapte-a-la-petite-enfance-en-ligne-6-heures.png\",\"contentUrl\":\"https:\\\/\\\/www.formeduc.ca\\\/wp-content\\\/uploads\\\/2019\\\/11\\\/Renouvellement-Secourisme-adapte-a-la-petite-enfance-en-ligne-6-heures.png\",\"width\":1920,\"height\":1920},{\"@type\":\"BreadcrumbList\",\"@id\":\"https:\\\/\\\/www.formeduc.ca\\\/en\\\/first-aid-renewal-for-early-childhood-online-6-hours\\\/#breadcrumb\",\"itemListElement\":[{\"@type\":\"ListItem\",\"position\":1,\"name\":\"Accueil\",\"item\":\"https:\\\/\\\/www.formeduc.ca\\\/en\\\/\"},{\"@type\":\"ListItem\",\"position\":2,\"name\":\"Shop\",\"item\":\"https:\\\/\\\/www.formeduc.ca\\\/en\\\/shop\\\/\"},{\"@type\":\"ListItem\",\"position\":3,\"name\":\"First Aid Renewal for Early Childhood, Online, 6 Hours\"}]},{\"@type\":\"WebSite\",\"@id\":\"https:\\\/\\\/www.formeduc.ca\\\/en\\\/#website\",\"url\":\"https:\\\/\\\/www.formeduc.ca\\\/en\\\/\",\"name\":\"Formeduc\",\"description\":\"\",\"potentialAction\":[{\"@type\":\"SearchAction\",\"target\":{\"@type\":\"EntryPoint\",\"urlTemplate\":\"https:\\\/\\\/www.formeduc.ca\\\/en\\\/?s={search_term_string}\"},\"query-input\":{\"@type\":\"PropertyValueSpecification\",\"valueRequired\":true,\"valueName\":\"search_term_string\"}}],\"inLanguage\":\"en-US\"}]}<\/script>\n<!-- \/ Yoast SEO plugin. -->","yoast_head_json":{"title":"First Aid Renewal for Early Childhood, Online, 6 Hours - Formeduc","robots":{"index":"index","follow":"follow","max-snippet":"max-snippet:-1","max-image-preview":"max-image-preview:large","max-video-preview":"max-video-preview:-1"},"canonical":"https:\/\/www.formeduc.ca\/en\/first-aid-renewal-for-early-childhood-online-6-hours\/","og_locale":"en_US","og_type":"article","og_title":"First Aid Renewal for Early Childhood, Online, 6 Hours - Formeduc","og_description":"The online First Aid Renewal for Early Childhood course allows you to review the concepts from the 8-hour basic training.  IMPORTANT! The ministry requires an 8-hour basic course to be eligible for a 6-hour certificate renewal. Keep your initial 8-hour certificate in case of verification by your employer or coordinating office. If you do not have an 8-hour certificate or if your 8-hour certificate has expired, we recommend completing the 8-hour basic training before renewing with the 6-hour course.  Form\u00e9duc uses today\u2019s technology to support early childhood professionals! The online training offers the opportunity to go through each chapter at your own pace and watch video sequences of the techniques as many times as you wish, which reinforces learning and increases confidence. This approach addresses today\u2019s educational needs, allowing learners to take the course when it suits them. The client has 6 months from the date of order to complete the course. Upon completion, a certificate will be automatically sent via email. Cards are no longer systematically mailed. Participants wishing to receive a card by post can request it by email, and it will be sent free of charge. The certificate is valid for 3 years.  Tel que requis \u00e0 l'article 51 du R\u00e8glement sur les services de garde \u00e9ducatifs \u00e0 l'enfance (L.R.Q.,c.S.4.1.1, r.2), les mentions suivantes sont indiqu\u00e9es sur le certificat:   Formation adapt\u00e9e \u00e0 la petite enfance  Volet sur la gestion des allergies s\u00e9v\u00e8res de type anaphylactique  Training Duration: 6 hours  N'attendez plus et commandez cette formation en ligne au co\u00fbt abordable de 47.83$. Connexion \u00e0 internet requise pour suivre la formation. This training is available in English\u00a0\u00a0https:\/\/www.formeduc.ca\/produit\/first-aid-adapted-for-early-childhood-6-hour\/ Si vous avez besoin d'une trousse de premiers soins, cliquez ici : \u00a0 Trousse de premiers soins services de garde","og_url":"https:\/\/www.formeduc.ca\/en\/first-aid-renewal-for-early-childhood-online-6-hours\/","og_site_name":"Formeduc","article_modified_time":"2026-05-09T17:30:11+00:00","og_image":[{"width":1024,"height":1024,"url":"https:\/\/www.formeduc.ca\/wp-content\/uploads\/2019\/11\/Renouvellement-Secourisme-adapte-a-la-petite-enfance-en-ligne-6-heures-1024x1024.png","type":"image\/png"}],"twitter_misc":{"Est. reading time":"3 minutes"},"schema":{"@context":"https:\/\/schema.org","@graph":[{"@type":"WebPage","@id":"https:\/\/www.formeduc.ca\/en\/first-aid-renewal-for-early-childhood-online-6-hours\/","url":"https:\/\/www.formeduc.ca\/en\/first-aid-renewal-for-early-childhood-online-6-hours\/","name":"First Aid Renewal for Early Childhood, Online, 6 Hours - Formeduc","isPartOf":{"@id":"https:\/\/www.formeduc.ca\/en\/#website"},"primaryImageOfPage":{"@id":"https:\/\/www.formeduc.ca\/en\/first-aid-renewal-for-early-childhood-online-6-hours\/#primaryimage"},"image":{"@id":"https:\/\/www.formeduc.ca\/en\/first-aid-renewal-for-early-childhood-online-6-hours\/#primaryimage"},"thumbnailUrl":"https:\/\/www.formeduc.ca\/wp-content\/uploads\/2019\/11\/Renouvellement-Secourisme-adapte-a-la-petite-enfance-en-ligne-6-heures.png","datePublished":"2019-11-15T18:42:18+00:00","dateModified":"2026-05-09T17:30:11+00:00","breadcrumb":{"@id":"https:\/\/www.formeduc.ca\/en\/first-aid-renewal-for-early-childhood-online-6-hours\/#breadcrumb"},"inLanguage":"en-US","potentialAction":[{"@type":"ReadAction","target":["https:\/\/www.formeduc.ca\/en\/first-aid-renewal-for-early-childhood-online-6-hours\/"]}]},{"@type":"ImageObject","inLanguage":"en-US","@id":"https:\/\/www.formeduc.ca\/en\/first-aid-renewal-for-early-childhood-online-6-hours\/#primaryimage","url":"https:\/\/www.formeduc.ca\/wp-content\/uploads\/2019\/11\/Renouvellement-Secourisme-adapte-a-la-petite-enfance-en-ligne-6-heures.png","contentUrl":"https:\/\/www.formeduc.ca\/wp-content\/uploads\/2019\/11\/Renouvellement-Secourisme-adapte-a-la-petite-enfance-en-ligne-6-heures.png","width":1920,"height":1920},{"@type":"BreadcrumbList","@id":"https:\/\/www.formeduc.ca\/en\/first-aid-renewal-for-early-childhood-online-6-hours\/#breadcrumb","itemListElement":[{"@type":"ListItem","position":1,"name":"Accueil","item":"https:\/\/www.formeduc.ca\/en\/"},{"@type":"ListItem","position":2,"name":"Shop","item":"https:\/\/www.formeduc.ca\/en\/shop\/"},{"@type":"ListItem","position":3,"name":"First Aid Renewal for Early Childhood, Online, 6 Hours"}]},{"@type":"WebSite","@id":"https:\/\/www.formeduc.ca\/en\/#website","url":"https:\/\/www.formeduc.ca\/en\/","name":"Formeduc","description":"","potentialAction":[{"@type":"SearchAction","target":{"@type":"EntryPoint","urlTemplate":"https:\/\/www.formeduc.ca\/en\/?s={search_term_string}"},"query-input":{"@type":"PropertyValueSpecification","valueRequired":true,"valueName":"search_term_string"}}],"inLanguage":"en-US"}]}},"_links":{"self":[{"href":"https:\/\/www.formeduc.ca\/en\/wp-json\/wp\/v2\/product\/131359","targetHints":{"allow":["GET"]}}],"collection":[{"href":"https:\/\/www.formeduc.ca\/en\/wp-json\/wp\/v2\/product"}],"about":[{"href":"https:\/\/www.formeduc.ca\/en\/wp-json\/wp\/v2\/types\/product"}],"replies":[{"embeddable":true,"href":"https:\/\/www.formeduc.ca\/en\/wp-json\/wp\/v2\/comments?post=131359"}],"wp:featuredmedia":[{"embeddable":true,"href":"https:\/\/www.formeduc.ca\/en\/wp-json\/wp\/v2\/media\/119196"}],"wp:attachment":[{"href":"https:\/\/www.formeduc.ca\/en\/wp-json\/wp\/v2\/media?parent=131359"}],"wp:term":[{"taxonomy":"product_brand","embeddable":true,"href":"https:\/\/www.formeduc.ca\/en\/wp-json\/wp\/v2\/product_brand?post=131359"},{"taxonomy":"product_cat","embeddable":true,"href":"https:\/\/www.formeduc.ca\/en\/wp-json\/wp\/v2\/product_cat?post=131359"},{"taxonomy":"product_tag","embeddable":true,"href":"https:\/\/www.formeduc.ca\/en\/wp-json\/wp\/v2\/product_tag?post=131359"}],"curies":[{"name":"wp","href":"https:\/\/api.w.org\/{rel}","templated":true}]}}