{"id":131362,"date":"2024-07-22T11:08:25","date_gmt":"2024-07-22T16:08:25","guid":{"rendered":"https:\/\/www.formeduc.ca\/?post_type=product&#038;p=131362"},"modified":"2026-05-09T12:52:17","modified_gmt":"2026-05-09T17:52:17","slug":"first-aid-for-school-age-children-for-bus-drivers-8-hours","status":"publish","type":"product","link":"https:\/\/www.formeduc.ca\/en\/first-aid-for-school-age-children-for-bus-drivers-8-hours\/","title":{"rendered":"First Aid for School-Age Children for Bus Drivers, 8 Hours"},"content":{"rendered":"<h2><strong><span style=\"color: #0794b8;\">Les avantages \u00e0 faire une formation de secourisme adapt\u00e9 enfants d&#8217;\u00e2ges scolaire pour chauffeur d&#8217;autobus en ligne<\/span><\/strong><\/h2>\n<h3>Tous les \u00e9tablissements vou\u00e9s \u00e0 l&#8217;enseignements et \u00e0 l&#8217;\u00e9ducation utilisent maintenant la formation en ligne comme outil d&#8217;enseignement. Form\u00e9duc ne fait pas exception et met les nouvelles technologies au service de ses clients.<\/h3>\n<ul>\n<li>La formation en ligne offre la possibilit\u00e9 d&#8217;aborder chaque chapitre quand vous \u00eates dispos\u00e9 \u00e0 \u00e9tudier et de passer au suivant lorsque celui-ci est bien int\u00e9gr\u00e9. Cette fa\u00e7on de faire contribue \u00e0 consolider les acquis et \u00e0 augmenter le sentiment de comp\u00e9tence.<\/li>\n<li>Chaque section de la formation se termine par un questionnaire et une r\u00e9capitulation de la mati\u00e8re, afin de vous permettre de valider vos connaissances.<\/li>\n<li>Le document de formation\u00a0 est largement illustr\u00e9 et les techniques sont appuy\u00e9es par des s\u00e9quences vid\u00e9o, que vous pouvez visionner autant de fois que vous le d\u00e9sirez.<\/li>\n<li>Le document de formation poss\u00e8de une table des mati\u00e8res et une table des manoeuvres permettant de rep\u00e9rer facilement et rapidement la section ou la technique recherch\u00e9e.<\/li>\n<li>Le contenu de la formation est conforme aux lignes directrices de l&#8217;ILCOR (<em>International Liaison Committee On Resuscitation).\u00a0<\/em>La mission de l\u2019ILCOR est d\u2019identifier et d\u2019examiner la science internationale et des informations pertinentes \u00e0 la r\u00e9animation cardio-respiratoire et les soins cardiovasculaires d\u2019urgence et offrir un consensus sur des recommandations de traitement.<\/li>\n<li>La formation de secourisme en ligne permet de voir et revoir les techniques \u00e0 volont\u00e9, sans avoir \u00e0 attendre 3 ans ou \u00e0 repayer pour assister \u00e0 la formation.<\/li>\n<li>M\u00eame si la formation se fait en ligne, du soutien p\u00e9dagogique est disponible au besoin.<\/li>\n<li>Une fois la formation compl\u00e9t\u00e9e, le participant re\u00e7oit un certificat \u00e9lectronique de fa\u00e7on automatis\u00e9e. Les cartes ne sont plus post\u00e9es de fa\u00e7on syst\u00e9matique. Les participants qui souhaitent recevoir une carte par la poste peuvent en faire la demande par courriel, et celle-ci leur sera achemin\u00e9e sans frais. <strong>Le client b\u00e9n\u00e9ficie d&#8217;une p\u00e9riode de 6 mois \u00e0 compter de la date de commande pour compl\u00e9ter sa d\u00e9marche<\/strong>.<\/li>\n<li>Le certificat est conforme au R\u00e8glement sur les services de garde \u00e9ducatifs en milieu scolaire et \u00e0 la Loi sur l&#8217;Instruction publique (chapitre l-13.3, a.454.1).<\/li>\n<\/ul>\n<p>Formation adapt\u00e9e aux chauffeurs scolaires<\/p>\n<p>Volet\u00a0 sur la gestion des allergies s\u00e9v\u00e8res de type anaphylactique<\/p>\n<p>Training Duration: 8 hours<\/p>\n<h3><strong>Here is an overview of the content of this training:<\/strong><\/h3>\n<ul style=\"list-style-type: circle;\">\n<li style=\"list-style-type: none;\">\n<ul style=\"list-style-type: circle;\">\n<li>Trauma prevention<\/li>\n<li>Infection prevention<\/li>\n<li>Managing an emergency situation<\/li>\n<li>Assessing an emergency situation<\/li>\n<li>Respiratory emergencies<\/li>\n<li>Severe allergic reactions (anaphylaxis)<\/li>\n<li>Cardiopulmonary emergencies<\/li>\n<li>Wounds<\/li>\n<li>Head and spinal cord injuries<\/li>\n<li>Musculoskeletal injuries<\/li>\n<li>Medical emergencies<\/li>\n<li>Emergencies due to cold and heat<\/li>\n<li>Poisonings<\/li>\n<li>Child abuse prevention<\/li>\n<\/ul>\n<\/li>\n<\/ul>\n<p>Video sequences demonstrating up-to-date techniques integrated into the training document.<\/p>\n<p>After completing the course, participants will be able to :<\/p>\n<ul>\n<li>Follow safety rules and protection measures.<\/li>\n<li>Assess an emergency situation and make the appropriate decisions.<\/li>\n<li>Provide care for the child\u2019s condition.<\/li>\n<li>Recognize and differentiate the signs and symptoms in various situations.<\/li>\n<li>Apply resuscitation interventions and other specific treatments for the child\u2019s health issue.<\/li>\n<\/ul>\n<p>Passing grade required: 60%. If unsuccessful after 3 attempts, a new exam will be provided<\/p>\n<p>&nbsp;<\/p>\n<p>Vous souhaitez en savoir plus sur cette formation? Contactez-nous!<\/p>\n","protected":false},"excerpt":{"rendered":"<p>The online <em><strong>First Aid for Bus Drivers<\/strong><\/em> course allows you to acquire the knowledge and skills necessary to intervene with children.<\/p>\n<p>Form\u00e9duc uses today\u2019s technology to assist early childhood professionals! The online training provides the opportunity to go through each chapter at your own pace and watch the video sequences of the techniques as many times as you wish, which consolidates learning and boosts your sense of competence. This approach meets the new realities of teaching and today\u2019s need for flexible training schedules that suit learners.<\/p>\n<h3><span style=\"color: #ff0000;\">The client has a 6-month period from the order date to complete the training.<\/span><\/h3>\n<p>Once the course is completed, a certificate will be automatically sent by email. Cards are no longer mailed systematically. Participants wishing to receive a card by post can request it by email, and it will be sent free of charge. The certificate is valid for 3 years.\u00a0 Training complies with the Regulation on Educational Childcare Services in School Settings and the Education Act (chapter l-13.3, a. 454.1).<br \/>\nFor workplaces outside of Quebec, please check with your employer if a certificate issued in Quebec will be accepted before ordering the training.<\/p>\n<ul>\n<li>Secourisme pour chauffeur scolaire<\/li>\n<li>Volet sur la gestion des allergies s\u00e9v\u00e8res de type anaphylactique<\/li>\n<li>Training Duration: 8 hours<\/li>\n<\/ul>\n<p>N&#8217;attendez plus et commandez cette formation en ligne au co\u00fbt abordable de 47.83$ Connexion \u00e0 internet requise pour suivre la formation.<\/p>\n","protected":false},"featured_media":119205,"comment_status":"closed","ping_status":"closed","template":"","meta":{"_acf_changed":false},"product_brand":[],"product_cat":[],"product_tag":[],"class_list":{"0":"post-131362","1":"product","2":"type-product","3":"status-publish","4":"has-post-thumbnail","7":"first","8":"instock","9":"virtual","10":"taxable","11":"purchasable","12":"product-type-simple"},"acf":[],"yoast_head":"<!-- This site is optimized with the Yoast SEO plugin v27.5 - https:\/\/yoast.com\/product\/yoast-seo-wordpress\/ -->\n<title>First Aid for School-Age Children for Bus Drivers, 8 Hours - Formeduc<\/title>\n<meta name=\"robots\" content=\"index, follow, max-snippet:-1, max-image-preview:large, max-video-preview:-1\" \/>\n<link rel=\"canonical\" href=\"https:\/\/www.formeduc.ca\/en\/first-aid-for-school-age-children-for-bus-drivers-8-hours\/\" \/>\n<meta property=\"og:locale\" content=\"en_US\" \/>\n<meta property=\"og:type\" content=\"article\" \/>\n<meta property=\"og:title\" content=\"First Aid for School-Age Children for Bus Drivers, 8 Hours - Formeduc\" \/>\n<meta property=\"og:description\" content=\"The online First Aid for Bus Drivers course allows you to acquire the knowledge and skills necessary to intervene with children.  Form\u00e9duc uses today\u2019s technology to assist early childhood professionals! The online training provides the opportunity to go through each chapter at your own pace and watch the video sequences of the techniques as many times as you wish, which consolidates learning and boosts your sense of competence. This approach meets the new realities of teaching and today\u2019s need for flexible training schedules that suit learners. The client has a 6-month period from the order date to complete the training. Once the course is completed, a certificate will be automatically sent by email. Cards are no longer mailed systematically. Participants wishing to receive a card by post can request it by email, and it will be sent free of charge. The certificate is valid for 3 years.\u00a0 Training complies with the Regulation on Educational Childcare Services in School Settings and the Education Act (chapter l-13.3, a. 454.1). For workplaces outside of Quebec, please check with your employer if a certificate issued in Quebec will be accepted before ordering the training.   Secourisme pour chauffeur scolaire  Volet sur la gestion des allergies s\u00e9v\u00e8res de type anaphylactique  Training Duration: 8 hours  N&#039;attendez plus et commandez cette formation en ligne au co\u00fbt abordable de 47.83$ Connexion \u00e0 internet requise pour suivre la formation.\" \/>\n<meta property=\"og:url\" content=\"https:\/\/www.formeduc.ca\/en\/first-aid-for-school-age-children-for-bus-drivers-8-hours\/\" \/>\n<meta property=\"og:site_name\" content=\"Formeduc\" \/>\n<meta property=\"article:modified_time\" content=\"2026-05-09T17:52:17+00:00\" \/>\n<meta property=\"og:image\" content=\"https:\/\/www.formeduc.ca\/wp-content\/uploads\/2024\/07\/secourisme-adapte-chauffeur-dautobus-1024x1024.png\" \/>\n\t<meta property=\"og:image:width\" content=\"1024\" \/>\n\t<meta property=\"og:image:height\" content=\"1024\" \/>\n\t<meta property=\"og:image:type\" content=\"image\/png\" \/>\n<meta name=\"twitter:label1\" content=\"Est. reading time\" \/>\n\t<meta name=\"twitter:data1\" content=\"3 minutes\" \/>\n<script type=\"application\/ld+json\" class=\"yoast-schema-graph\">{\"@context\":\"https:\\\/\\\/schema.org\",\"@graph\":[{\"@type\":\"WebPage\",\"@id\":\"https:\\\/\\\/www.formeduc.ca\\\/en\\\/first-aid-for-school-age-children-for-bus-drivers-8-hours\\\/\",\"url\":\"https:\\\/\\\/www.formeduc.ca\\\/en\\\/first-aid-for-school-age-children-for-bus-drivers-8-hours\\\/\",\"name\":\"First Aid for School-Age Children for Bus Drivers, 8 Hours - Formeduc\",\"isPartOf\":{\"@id\":\"https:\\\/\\\/www.formeduc.ca\\\/en\\\/#website\"},\"primaryImageOfPage\":{\"@id\":\"https:\\\/\\\/www.formeduc.ca\\\/en\\\/first-aid-for-school-age-children-for-bus-drivers-8-hours\\\/#primaryimage\"},\"image\":{\"@id\":\"https:\\\/\\\/www.formeduc.ca\\\/en\\\/first-aid-for-school-age-children-for-bus-drivers-8-hours\\\/#primaryimage\"},\"thumbnailUrl\":\"https:\\\/\\\/www.formeduc.ca\\\/wp-content\\\/uploads\\\/2024\\\/07\\\/secourisme-adapte-chauffeur-dautobus.png\",\"datePublished\":\"2024-07-22T16:08:25+00:00\",\"dateModified\":\"2026-05-09T17:52:17+00:00\",\"breadcrumb\":{\"@id\":\"https:\\\/\\\/www.formeduc.ca\\\/en\\\/first-aid-for-school-age-children-for-bus-drivers-8-hours\\\/#breadcrumb\"},\"inLanguage\":\"en-US\",\"potentialAction\":[{\"@type\":\"ReadAction\",\"target\":[\"https:\\\/\\\/www.formeduc.ca\\\/en\\\/first-aid-for-school-age-children-for-bus-drivers-8-hours\\\/\"]}]},{\"@type\":\"ImageObject\",\"inLanguage\":\"en-US\",\"@id\":\"https:\\\/\\\/www.formeduc.ca\\\/en\\\/first-aid-for-school-age-children-for-bus-drivers-8-hours\\\/#primaryimage\",\"url\":\"https:\\\/\\\/www.formeduc.ca\\\/wp-content\\\/uploads\\\/2024\\\/07\\\/secourisme-adapte-chauffeur-dautobus.png\",\"contentUrl\":\"https:\\\/\\\/www.formeduc.ca\\\/wp-content\\\/uploads\\\/2024\\\/07\\\/secourisme-adapte-chauffeur-dautobus.png\",\"width\":1920,\"height\":1920},{\"@type\":\"BreadcrumbList\",\"@id\":\"https:\\\/\\\/www.formeduc.ca\\\/en\\\/first-aid-for-school-age-children-for-bus-drivers-8-hours\\\/#breadcrumb\",\"itemListElement\":[{\"@type\":\"ListItem\",\"position\":1,\"name\":\"Accueil\",\"item\":\"https:\\\/\\\/www.formeduc.ca\\\/en\\\/\"},{\"@type\":\"ListItem\",\"position\":2,\"name\":\"Shop\",\"item\":\"https:\\\/\\\/www.formeduc.ca\\\/en\\\/shop\\\/\"},{\"@type\":\"ListItem\",\"position\":3,\"name\":\"First Aid for School-Age Children for Bus Drivers, 8 Hours\"}]},{\"@type\":\"WebSite\",\"@id\":\"https:\\\/\\\/www.formeduc.ca\\\/en\\\/#website\",\"url\":\"https:\\\/\\\/www.formeduc.ca\\\/en\\\/\",\"name\":\"Formeduc\",\"description\":\"\",\"potentialAction\":[{\"@type\":\"SearchAction\",\"target\":{\"@type\":\"EntryPoint\",\"urlTemplate\":\"https:\\\/\\\/www.formeduc.ca\\\/en\\\/?s={search_term_string}\"},\"query-input\":{\"@type\":\"PropertyValueSpecification\",\"valueRequired\":true,\"valueName\":\"search_term_string\"}}],\"inLanguage\":\"en-US\"}]}<\/script>\n<!-- \/ Yoast SEO plugin. -->","yoast_head_json":{"title":"First Aid for School-Age Children for Bus Drivers, 8 Hours - Formeduc","robots":{"index":"index","follow":"follow","max-snippet":"max-snippet:-1","max-image-preview":"max-image-preview:large","max-video-preview":"max-video-preview:-1"},"canonical":"https:\/\/www.formeduc.ca\/en\/first-aid-for-school-age-children-for-bus-drivers-8-hours\/","og_locale":"en_US","og_type":"article","og_title":"First Aid for School-Age Children for Bus Drivers, 8 Hours - Formeduc","og_description":"The online First Aid for Bus Drivers course allows you to acquire the knowledge and skills necessary to intervene with children.  Form\u00e9duc uses today\u2019s technology to assist early childhood professionals! The online training provides the opportunity to go through each chapter at your own pace and watch the video sequences of the techniques as many times as you wish, which consolidates learning and boosts your sense of competence. This approach meets the new realities of teaching and today\u2019s need for flexible training schedules that suit learners. The client has a 6-month period from the order date to complete the training. Once the course is completed, a certificate will be automatically sent by email. Cards are no longer mailed systematically. Participants wishing to receive a card by post can request it by email, and it will be sent free of charge. The certificate is valid for 3 years.\u00a0 Training complies with the Regulation on Educational Childcare Services in School Settings and the Education Act (chapter l-13.3, a. 454.1). For workplaces outside of Quebec, please check with your employer if a certificate issued in Quebec will be accepted before ordering the training.   Secourisme pour chauffeur scolaire  Volet sur la gestion des allergies s\u00e9v\u00e8res de type anaphylactique  Training Duration: 8 hours  N'attendez plus et commandez cette formation en ligne au co\u00fbt abordable de 47.83$ Connexion \u00e0 internet requise pour suivre la formation.","og_url":"https:\/\/www.formeduc.ca\/en\/first-aid-for-school-age-children-for-bus-drivers-8-hours\/","og_site_name":"Formeduc","article_modified_time":"2026-05-09T17:52:17+00:00","og_image":[{"width":1024,"height":1024,"url":"https:\/\/www.formeduc.ca\/wp-content\/uploads\/2024\/07\/secourisme-adapte-chauffeur-dautobus-1024x1024.png","type":"image\/png"}],"twitter_misc":{"Est. reading time":"3 minutes"},"schema":{"@context":"https:\/\/schema.org","@graph":[{"@type":"WebPage","@id":"https:\/\/www.formeduc.ca\/en\/first-aid-for-school-age-children-for-bus-drivers-8-hours\/","url":"https:\/\/www.formeduc.ca\/en\/first-aid-for-school-age-children-for-bus-drivers-8-hours\/","name":"First Aid for School-Age Children for Bus Drivers, 8 Hours - Formeduc","isPartOf":{"@id":"https:\/\/www.formeduc.ca\/en\/#website"},"primaryImageOfPage":{"@id":"https:\/\/www.formeduc.ca\/en\/first-aid-for-school-age-children-for-bus-drivers-8-hours\/#primaryimage"},"image":{"@id":"https:\/\/www.formeduc.ca\/en\/first-aid-for-school-age-children-for-bus-drivers-8-hours\/#primaryimage"},"thumbnailUrl":"https:\/\/www.formeduc.ca\/wp-content\/uploads\/2024\/07\/secourisme-adapte-chauffeur-dautobus.png","datePublished":"2024-07-22T16:08:25+00:00","dateModified":"2026-05-09T17:52:17+00:00","breadcrumb":{"@id":"https:\/\/www.formeduc.ca\/en\/first-aid-for-school-age-children-for-bus-drivers-8-hours\/#breadcrumb"},"inLanguage":"en-US","potentialAction":[{"@type":"ReadAction","target":["https:\/\/www.formeduc.ca\/en\/first-aid-for-school-age-children-for-bus-drivers-8-hours\/"]}]},{"@type":"ImageObject","inLanguage":"en-US","@id":"https:\/\/www.formeduc.ca\/en\/first-aid-for-school-age-children-for-bus-drivers-8-hours\/#primaryimage","url":"https:\/\/www.formeduc.ca\/wp-content\/uploads\/2024\/07\/secourisme-adapte-chauffeur-dautobus.png","contentUrl":"https:\/\/www.formeduc.ca\/wp-content\/uploads\/2024\/07\/secourisme-adapte-chauffeur-dautobus.png","width":1920,"height":1920},{"@type":"BreadcrumbList","@id":"https:\/\/www.formeduc.ca\/en\/first-aid-for-school-age-children-for-bus-drivers-8-hours\/#breadcrumb","itemListElement":[{"@type":"ListItem","position":1,"name":"Accueil","item":"https:\/\/www.formeduc.ca\/en\/"},{"@type":"ListItem","position":2,"name":"Shop","item":"https:\/\/www.formeduc.ca\/en\/shop\/"},{"@type":"ListItem","position":3,"name":"First Aid for School-Age Children for Bus Drivers, 8 Hours"}]},{"@type":"WebSite","@id":"https:\/\/www.formeduc.ca\/en\/#website","url":"https:\/\/www.formeduc.ca\/en\/","name":"Formeduc","description":"","potentialAction":[{"@type":"SearchAction","target":{"@type":"EntryPoint","urlTemplate":"https:\/\/www.formeduc.ca\/en\/?s={search_term_string}"},"query-input":{"@type":"PropertyValueSpecification","valueRequired":true,"valueName":"search_term_string"}}],"inLanguage":"en-US"}]}},"_links":{"self":[{"href":"https:\/\/www.formeduc.ca\/en\/wp-json\/wp\/v2\/product\/131362","targetHints":{"allow":["GET"]}}],"collection":[{"href":"https:\/\/www.formeduc.ca\/en\/wp-json\/wp\/v2\/product"}],"about":[{"href":"https:\/\/www.formeduc.ca\/en\/wp-json\/wp\/v2\/types\/product"}],"replies":[{"embeddable":true,"href":"https:\/\/www.formeduc.ca\/en\/wp-json\/wp\/v2\/comments?post=131362"}],"wp:featuredmedia":[{"embeddable":true,"href":"https:\/\/www.formeduc.ca\/en\/wp-json\/wp\/v2\/media\/119205"}],"wp:attachment":[{"href":"https:\/\/www.formeduc.ca\/en\/wp-json\/wp\/v2\/media?parent=131362"}],"wp:term":[{"taxonomy":"product_brand","embeddable":true,"href":"https:\/\/www.formeduc.ca\/en\/wp-json\/wp\/v2\/product_brand?post=131362"},{"taxonomy":"product_cat","embeddable":true,"href":"https:\/\/www.formeduc.ca\/en\/wp-json\/wp\/v2\/product_cat?post=131362"},{"taxonomy":"product_tag","embeddable":true,"href":"https:\/\/www.formeduc.ca\/en\/wp-json\/wp\/v2\/product_tag?post=131362"}],"curies":[{"name":"wp","href":"https:\/\/api.w.org\/{rel}","templated":true}]}}