{"id":131370,"date":"2024-04-07T11:39:11","date_gmt":"2024-04-07T16:39:11","guid":{"rendered":"https:\/\/www.formeduc.ca\/?post_type=product&#038;p=131370"},"modified":"2026-05-09T14:05:09","modified_gmt":"2026-05-09T19:05:09","slug":"ready-to-stay-home-alone-online-course","status":"publish","type":"product","link":"https:\/\/www.formeduc.ca\/en\/ready-to-stay-home-alone-online-course\/","title":{"rendered":"Ready to Stay Home Alone Online Course"},"content":{"rendered":"<h2>Benefits of Taking the Ready to Stay Home Alone Online Course<\/h2>\n<div class=\"react-scroll-to-bottom--css-ncsno-1n7m0yu\">\n<div class=\"flex flex-col pb-9 text-sm\">\n<div class=\"w-full text-token-text-primary sm:AIPRM__conversation__response\" data-testid=\"conversation-turn-5\">\n<div class=\"px-4 py-2 justify-center text-base\">\n<div class=\"flex flex-1 text-base mx-auto gap-3 md:px-5 lg:px-1 xl:px-5 md:max-w-3xl lg:max-w-[40rem] xl:max-w-[48rem] group final-completion\">\n<div class=\"relative flex w-full flex-col agent-turn\">\n<div class=\"flex-col gap-1 md:gap-3\">\n<div class=\"flex flex-grow flex-col max-w-full\">\n<div class=\"min-h-[20px] text-message flex flex-col items-start gap-3 whitespace-pre-wrap break-words [.text-message+&amp;]:mt-5 overflow-x-auto\" data-message-author-role=\"assistant\" data-message-id=\"b9ee7530-09cf-495b-99cd-a704ab9ee130\">\n<div class=\"markdown prose w-full break-words dark:prose-invert dark AIPRM__conversation__response\">\n<p>Une formation en ligne con\u00e7ue pour les jeunes de 9 \u00e0 11 ans d\u00e9sireux de gagner en ind\u00e9pendance et en confiance lorsqu\u2019ils se retrouvent seuls \u00e0 la maison. Ce programme unique est la cl\u00e9 pour pr\u00e9parer les enfants \u00e0 faire face \u00e0 diff\u00e9rentes situations en toute s\u00e9curit\u00e9 et responsabilit\u00e9.<\/p>\n<p><strong>Pourquoi choisir \u201cFut\u00e9 : Je suis pr\u00eat \u00e0 rester seul\u201d ?<\/strong> Ce cours offre une multitude d\u2019avantages adapt\u00e9s aux besoins des jeunes en mati\u00e8re de s\u00e9curit\u00e9 personnelle. Gr\u00e2ce \u00e0 un format en ligne accessible, les participants peuvent apprendre \u00e0 leur propre rythme, o\u00f9 et quand ils le souhaitent, ce qui leur permet de mieux int\u00e9grer les techniques et les strat\u00e9gies enseign\u00e9es. De plus, les modules interactifs et les sc\u00e9narios pratiques rendent l\u2019apprentissage \u00e0 la fois engageant et efficace, assurant ainsi que chaque enfant puisse retenir facilement les connaissances cruciales pour rester seul en toute s\u00e9curit\u00e9.<\/p>\n<p><strong>Les comp\u00e9tences acquises durant le cours incluent :<\/strong> la gestion des urgences, le secourisme, la RCR, la r\u00e9solution de probl\u00e8mes, les r\u00e8gles de s\u00e9curit\u00e9 domestique et la communication efficace en cas de besoin. Ces comp\u00e9tences sont essentielles non seulement pour rester seul \u00e0 la maison mais aussi pour d\u00e9velopper une autonomie qui servira toute la vie. En suivant notre cours, les enfants apprendront \u00e0 \u00e9valuer les situations avec discernement et \u00e0 agir de mani\u00e8re appropri\u00e9e, augmentant ainsi leur assurance et leur maturit\u00e9.<\/p>\n<p>Rejoignez-nous pour permettre \u00e0 votre enfant de devenir \u201cFut\u00e9 : Je suis pr\u00eat \u00e0 rester seul\u201d, un pas important vers une ind\u00e9pendance s\u00fbre et confiante.<\/p>\n<\/div>\n<\/div>\n<\/div>\n<\/div>\n<\/div>\n<\/div>\n<\/div>\n<\/div>\n<\/div>\n<\/div>\n<h3>Description rapide de la formation de Fut\u00e9 : Je suis pr\u00eat \u00e0 rester seul<\/h3>\n<p>La formation en ligne se fait \u00e0 votre rythme. Contrairement \u00e0 une formation de 6 heures en continu dans laquelle on vous donne toute l\u2019information, le cours en ligne offre la possibilit\u00e9 d\u2019aborder chaque chapitre quand vous \u00eates dispos\u00e9 \u00e0 \u00e9tudier et de passer au suivant lorsque celui-ci est bien int\u00e9gr\u00e9. Cette fa\u00e7on de faire contribue \u00e0 consolider les acquis et \u00e0 augmenter le sentiment de comp\u00e9tence.<\/p>\n<ul>\n<li>Chaque section de la formation se termine par un questionnaire afin de vous permettre de valider vos connaissances.<\/li>\n<li>Le document de formation est tr\u00e8s tr\u00e8s complet! Il comporte 12 sections. Chacune des sections est largement illustr\u00e9e et les techniques sont appuy\u00e9es par des s\u00e9quences vid\u00e9o, que vous pouvez visionner autant de fois que vous le d\u00e9sirez.<\/li>\n<li>La formation de secourisme en ligne permet de voir et revoir les techniques \u00e0 volont\u00e9.<\/li>\n<li>M\u00eame si la formation se fait en ligne, du soutien p\u00e9dagogique est disponible au besoin.<\/li>\n<li>Une fois la formation compl\u00e9t\u00e9e, le participant doit remplir son auto-\u00e9valuation. Il recevra par la suite son dipl\u00f4me \u00e9lectronique par courriel.<\/li>\n<li><strong>Le client b\u00e9n\u00e9ficie d\u2019une p\u00e9riode de 6 mois \u00e0 compter de la date de commande pour compl\u00e9ter sa d\u00e9marche.<\/strong><\/li>\n<li><strong>AUCUN REMBOURSEMENT sur les formations en ligne.<\/strong><\/li>\n<\/ul>\n<p>Formation adapt\u00e9e aux jeunes de 9 \u00e0 11 ans qui d\u00e9sirent d\u00e9velopper leur responsabilit\u00e9s individuelles dans le but de pouvoir rester seul \u00e0 la maison pendant un certain moment.<\/p>\n<h3><span style=\"color: #339966;\"><strong>Votre enfant est Fut\u00e9 et pr\u00eat \u00e0 rester seul sur l\u2019heure du d\u00eener? Notre cours contient un chapitre entier qui l\u2019outillera \u00e0 se responsabiliser.<\/strong><\/span><\/h3>\n<p>Deux professeurs virtuels, Florence et \u00c9douard, accompagneront le participant tout au long de son apprentissage.<\/p>\n<p>Vous souhaitez en savoir plus sur cette formation? <a href=\"mailto:info@formeduc.ca\">Contactez-nous<\/a>!<\/p>\n","protected":false},"excerpt":{"rendered":"<p>Formation de <strong>Fut\u00e9 : Je suis pr\u00eat \u00e0 rester seul<\/strong> en ligne con\u00e7ue pour les jeunes de 9 \u00e0 11 ans d\u00e9sireux de gagner en ind\u00e9pendance et en confiance lorsqu&#8217;ils se retrouvent seuls \u00e0 la maison.<\/p>\n","protected":false},"featured_media":119214,"comment_status":"closed","ping_status":"closed","template":"","meta":{"_acf_changed":false},"product_brand":[],"product_cat":[],"product_tag":[],"class_list":{"0":"post-131370","1":"product","2":"type-product","3":"status-publish","4":"has-post-thumbnail","7":"first","8":"instock","9":"virtual","10":"taxable","11":"purchasable","12":"product-type-simple"},"acf":[],"yoast_head":"<!-- This site is optimized with the Yoast SEO plugin v27.5 - https:\/\/yoast.com\/product\/yoast-seo-wordpress\/ -->\n<title>Ready to Stay Home Alone Online Course - Formeduc<\/title>\n<meta name=\"robots\" content=\"index, follow, max-snippet:-1, max-image-preview:large, max-video-preview:-1\" \/>\n<link rel=\"canonical\" href=\"https:\/\/www.formeduc.ca\/en\/ready-to-stay-home-alone-online-course\/\" \/>\n<meta property=\"og:locale\" content=\"en_US\" \/>\n<meta property=\"og:type\" content=\"article\" \/>\n<meta property=\"og:title\" content=\"Ready to Stay Home Alone Online Course - Formeduc\" \/>\n<meta property=\"og:description\" content=\"Formation de Fut\u00e9 : Je suis pr\u00eat \u00e0 rester seul en ligne con\u00e7ue pour les jeunes de 9 \u00e0 11 ans d\u00e9sireux de gagner en ind\u00e9pendance et en confiance lorsqu&#039;ils se retrouvent seuls \u00e0 la maison.\" \/>\n<meta property=\"og:url\" content=\"https:\/\/www.formeduc.ca\/en\/ready-to-stay-home-alone-online-course\/\" \/>\n<meta property=\"og:site_name\" content=\"Formeduc\" \/>\n<meta property=\"article:modified_time\" content=\"2026-05-09T19:05:09+00:00\" \/>\n<meta property=\"og:image\" content=\"https:\/\/www.formeduc.ca\/wp-content\/uploads\/2024\/04\/fute-je-suis-pret-a-rester-seul-1024x1024.png\" \/>\n\t<meta property=\"og:image:width\" content=\"1024\" \/>\n\t<meta property=\"og:image:height\" content=\"1024\" \/>\n\t<meta property=\"og:image:type\" content=\"image\/png\" \/>\n<meta name=\"twitter:label1\" content=\"Est. reading time\" \/>\n\t<meta name=\"twitter:data1\" content=\"3 minutes\" \/>\n<script type=\"application\/ld+json\" class=\"yoast-schema-graph\">{\"@context\":\"https:\\\/\\\/schema.org\",\"@graph\":[{\"@type\":\"WebPage\",\"@id\":\"https:\\\/\\\/www.formeduc.ca\\\/en\\\/ready-to-stay-home-alone-online-course\\\/\",\"url\":\"https:\\\/\\\/www.formeduc.ca\\\/en\\\/ready-to-stay-home-alone-online-course\\\/\",\"name\":\"Ready to Stay Home Alone Online Course - Formeduc\",\"isPartOf\":{\"@id\":\"https:\\\/\\\/www.formeduc.ca\\\/en\\\/#website\"},\"primaryImageOfPage\":{\"@id\":\"https:\\\/\\\/www.formeduc.ca\\\/en\\\/ready-to-stay-home-alone-online-course\\\/#primaryimage\"},\"image\":{\"@id\":\"https:\\\/\\\/www.formeduc.ca\\\/en\\\/ready-to-stay-home-alone-online-course\\\/#primaryimage\"},\"thumbnailUrl\":\"https:\\\/\\\/www.formeduc.ca\\\/wp-content\\\/uploads\\\/2024\\\/04\\\/fute-je-suis-pret-a-rester-seul.png\",\"datePublished\":\"2024-04-07T16:39:11+00:00\",\"dateModified\":\"2026-05-09T19:05:09+00:00\",\"breadcrumb\":{\"@id\":\"https:\\\/\\\/www.formeduc.ca\\\/en\\\/ready-to-stay-home-alone-online-course\\\/#breadcrumb\"},\"inLanguage\":\"en-US\",\"potentialAction\":[{\"@type\":\"ReadAction\",\"target\":[\"https:\\\/\\\/www.formeduc.ca\\\/en\\\/ready-to-stay-home-alone-online-course\\\/\"]}]},{\"@type\":\"ImageObject\",\"inLanguage\":\"en-US\",\"@id\":\"https:\\\/\\\/www.formeduc.ca\\\/en\\\/ready-to-stay-home-alone-online-course\\\/#primaryimage\",\"url\":\"https:\\\/\\\/www.formeduc.ca\\\/wp-content\\\/uploads\\\/2024\\\/04\\\/fute-je-suis-pret-a-rester-seul.png\",\"contentUrl\":\"https:\\\/\\\/www.formeduc.ca\\\/wp-content\\\/uploads\\\/2024\\\/04\\\/fute-je-suis-pret-a-rester-seul.png\",\"width\":1920,\"height\":1920},{\"@type\":\"BreadcrumbList\",\"@id\":\"https:\\\/\\\/www.formeduc.ca\\\/en\\\/ready-to-stay-home-alone-online-course\\\/#breadcrumb\",\"itemListElement\":[{\"@type\":\"ListItem\",\"position\":1,\"name\":\"Accueil\",\"item\":\"https:\\\/\\\/www.formeduc.ca\\\/en\\\/\"},{\"@type\":\"ListItem\",\"position\":2,\"name\":\"Shop\",\"item\":\"https:\\\/\\\/www.formeduc.ca\\\/en\\\/shop\\\/\"},{\"@type\":\"ListItem\",\"position\":3,\"name\":\"Ready to Stay Home Alone Online Course\"}]},{\"@type\":\"WebSite\",\"@id\":\"https:\\\/\\\/www.formeduc.ca\\\/en\\\/#website\",\"url\":\"https:\\\/\\\/www.formeduc.ca\\\/en\\\/\",\"name\":\"Formeduc\",\"description\":\"\",\"potentialAction\":[{\"@type\":\"SearchAction\",\"target\":{\"@type\":\"EntryPoint\",\"urlTemplate\":\"https:\\\/\\\/www.formeduc.ca\\\/en\\\/?s={search_term_string}\"},\"query-input\":{\"@type\":\"PropertyValueSpecification\",\"valueRequired\":true,\"valueName\":\"search_term_string\"}}],\"inLanguage\":\"en-US\"}]}<\/script>\n<!-- \/ Yoast SEO plugin. -->","yoast_head_json":{"title":"Ready to Stay Home Alone Online Course - Formeduc","robots":{"index":"index","follow":"follow","max-snippet":"max-snippet:-1","max-image-preview":"max-image-preview:large","max-video-preview":"max-video-preview:-1"},"canonical":"https:\/\/www.formeduc.ca\/en\/ready-to-stay-home-alone-online-course\/","og_locale":"en_US","og_type":"article","og_title":"Ready to Stay Home Alone Online Course - Formeduc","og_description":"Formation de Fut\u00e9 : Je suis pr\u00eat \u00e0 rester seul en ligne con\u00e7ue pour les jeunes de 9 \u00e0 11 ans d\u00e9sireux de gagner en ind\u00e9pendance et en confiance lorsqu'ils se retrouvent seuls \u00e0 la maison.","og_url":"https:\/\/www.formeduc.ca\/en\/ready-to-stay-home-alone-online-course\/","og_site_name":"Formeduc","article_modified_time":"2026-05-09T19:05:09+00:00","og_image":[{"width":1024,"height":1024,"url":"https:\/\/www.formeduc.ca\/wp-content\/uploads\/2024\/04\/fute-je-suis-pret-a-rester-seul-1024x1024.png","type":"image\/png"}],"twitter_misc":{"Est. reading time":"3 minutes"},"schema":{"@context":"https:\/\/schema.org","@graph":[{"@type":"WebPage","@id":"https:\/\/www.formeduc.ca\/en\/ready-to-stay-home-alone-online-course\/","url":"https:\/\/www.formeduc.ca\/en\/ready-to-stay-home-alone-online-course\/","name":"Ready to Stay Home Alone Online Course - Formeduc","isPartOf":{"@id":"https:\/\/www.formeduc.ca\/en\/#website"},"primaryImageOfPage":{"@id":"https:\/\/www.formeduc.ca\/en\/ready-to-stay-home-alone-online-course\/#primaryimage"},"image":{"@id":"https:\/\/www.formeduc.ca\/en\/ready-to-stay-home-alone-online-course\/#primaryimage"},"thumbnailUrl":"https:\/\/www.formeduc.ca\/wp-content\/uploads\/2024\/04\/fute-je-suis-pret-a-rester-seul.png","datePublished":"2024-04-07T16:39:11+00:00","dateModified":"2026-05-09T19:05:09+00:00","breadcrumb":{"@id":"https:\/\/www.formeduc.ca\/en\/ready-to-stay-home-alone-online-course\/#breadcrumb"},"inLanguage":"en-US","potentialAction":[{"@type":"ReadAction","target":["https:\/\/www.formeduc.ca\/en\/ready-to-stay-home-alone-online-course\/"]}]},{"@type":"ImageObject","inLanguage":"en-US","@id":"https:\/\/www.formeduc.ca\/en\/ready-to-stay-home-alone-online-course\/#primaryimage","url":"https:\/\/www.formeduc.ca\/wp-content\/uploads\/2024\/04\/fute-je-suis-pret-a-rester-seul.png","contentUrl":"https:\/\/www.formeduc.ca\/wp-content\/uploads\/2024\/04\/fute-je-suis-pret-a-rester-seul.png","width":1920,"height":1920},{"@type":"BreadcrumbList","@id":"https:\/\/www.formeduc.ca\/en\/ready-to-stay-home-alone-online-course\/#breadcrumb","itemListElement":[{"@type":"ListItem","position":1,"name":"Accueil","item":"https:\/\/www.formeduc.ca\/en\/"},{"@type":"ListItem","position":2,"name":"Shop","item":"https:\/\/www.formeduc.ca\/en\/shop\/"},{"@type":"ListItem","position":3,"name":"Ready to Stay Home Alone Online Course"}]},{"@type":"WebSite","@id":"https:\/\/www.formeduc.ca\/en\/#website","url":"https:\/\/www.formeduc.ca\/en\/","name":"Formeduc","description":"","potentialAction":[{"@type":"SearchAction","target":{"@type":"EntryPoint","urlTemplate":"https:\/\/www.formeduc.ca\/en\/?s={search_term_string}"},"query-input":{"@type":"PropertyValueSpecification","valueRequired":true,"valueName":"search_term_string"}}],"inLanguage":"en-US"}]}},"_links":{"self":[{"href":"https:\/\/www.formeduc.ca\/en\/wp-json\/wp\/v2\/product\/131370","targetHints":{"allow":["GET"]}}],"collection":[{"href":"https:\/\/www.formeduc.ca\/en\/wp-json\/wp\/v2\/product"}],"about":[{"href":"https:\/\/www.formeduc.ca\/en\/wp-json\/wp\/v2\/types\/product"}],"replies":[{"embeddable":true,"href":"https:\/\/www.formeduc.ca\/en\/wp-json\/wp\/v2\/comments?post=131370"}],"wp:featuredmedia":[{"embeddable":true,"href":"https:\/\/www.formeduc.ca\/en\/wp-json\/wp\/v2\/media\/119214"}],"wp:attachment":[{"href":"https:\/\/www.formeduc.ca\/en\/wp-json\/wp\/v2\/media?parent=131370"}],"wp:term":[{"taxonomy":"product_brand","embeddable":true,"href":"https:\/\/www.formeduc.ca\/en\/wp-json\/wp\/v2\/product_brand?post=131370"},{"taxonomy":"product_cat","embeddable":true,"href":"https:\/\/www.formeduc.ca\/en\/wp-json\/wp\/v2\/product_cat?post=131370"},{"taxonomy":"product_tag","embeddable":true,"href":"https:\/\/www.formeduc.ca\/en\/wp-json\/wp\/v2\/product_tag?post=131370"}],"curies":[{"name":"wp","href":"https:\/\/api.w.org\/{rel}","templated":true}]}}