{"id":131373,"date":"2024-04-04T14:05:49","date_gmt":"2024-04-04T19:05:49","guid":{"rendered":"https:\/\/www.formeduc.ca\/?post_type=product&#038;p=131373"},"modified":"2026-05-09T14:16:26","modified_gmt":"2026-05-09T19:16:26","slug":"first-aid-for-day-camp-and-vacation-camp-leaders","status":"publish","type":"product","link":"https:\/\/www.formeduc.ca\/en\/first-aid-for-day-camp-and-vacation-camp-leaders\/","title":{"rendered":"First Aid for Day Camp and Vacation Camp Leaders"},"content":{"rendered":"<h2><strong><span style=\"color: #0794b8;\">Benefits of Taking the First Aid for Day Camp and Vacation Camp Leaders Online Course<\/span><\/strong><\/h2>\n<h3>Tous les \u00e9tablissements vou\u00e9s \u00e0 l&#8217;enseignements et \u00e0 l&#8217;\u00e9ducation utilisent maintenant la formation en ligne comme outil d&#8217;enseignement. Form\u00e9duc ne fait pas exception et met les nouvelles technologies au service de ses clients.<\/h3>\n<ul>\n<li>La formation en ligne en secourisme pour les camps de jour et les camps de vacances offre la possibilit\u00e9 d&#8217;aborder chaque chapitre quand vous \u00eates dispos\u00e9 \u00e0 \u00e9tudier et de passer au suivant lorsque celui-ci est bien int\u00e9gr\u00e9. Cette fa\u00e7on de faire contribue \u00e0 consolider les acquis et \u00e0 augmenter le sentiment de comp\u00e9tence.<\/li>\n<li>Chaque section de la formation en secourisme se termine par un questionnaire et une r\u00e9capitulation de la mati\u00e8re, afin de vous permettre de valider vos connaissances.<\/li>\n<li>Le document de formation\u00a0 est largement illustr\u00e9 et les techniques sont appuy\u00e9es par des s\u00e9quences vid\u00e9o, que vous pouvez visionner autant de fois que vous le d\u00e9sirez.<\/li>\n<li>Le document de formation poss\u00e8de une table des mati\u00e8res et une table des manoeuvres permettant de rep\u00e9rer facilement et rapidement la section ou la technique recherch\u00e9e.<\/li>\n<li>Le contenu de la formation est conforme aux lignes directrices de l&#8217;ILCOR (<em>International Liaison Committee On Resuscitation).\u00a0<\/em>La mission de l\u2019ILCOR est d\u2019identifier et d\u2019examiner la science internationale et des informations pertinentes \u00e0 la r\u00e9animation cardio-respiratoire et les soins cardiovasculaires d\u2019urgence et offrir un consensus sur des recommandations de traitement.<\/li>\n<li>La formation de secourisme en ligne permet de voir et revoir les techniques \u00e0 volont\u00e9, sans avoir \u00e0 attendre 3 ans ou \u00e0 repayer pour assister \u00e0 la formation.<\/li>\n<li>M\u00eame si la formation se fait en ligne, du soutien p\u00e9dagogique est disponible au besoin.<\/li>\n<li>Une fois la formation compl\u00e9t\u00e9e, le participant re\u00e7oit un certificat \u00e9lectronique de fa\u00e7on automatis\u00e9e. Les cartes ne sont plus post\u00e9es de fa\u00e7on syst\u00e9matique. Les participants qui souhaitent recevoir une carte par la poste peuvent en faire la demande par courriel, et celle-ci leur sera achemin\u00e9e sans frais. <strong>Le client b\u00e9n\u00e9ficie d&#8217;une p\u00e9riode de 6 mois \u00e0 compter de la date de commande pour compl\u00e9ter sa d\u00e9marche<\/strong>.<\/li>\n<li>Le certificat est conforme au R\u00e8glement sur les services de garde \u00e9ducatifs en milieu scolaire et \u00e0 la Loi sur l&#8217;Instruction publique (chapitre l-13.3, a.454.1).<\/li>\n<\/ul>\n<p>Formation adapt\u00e9e au camp de jour et de vacances<\/p>\n<p>Volet\u00a0 sur la gestion des allergies s\u00e9v\u00e8res de type anaphylactique<\/p>\n<p>Dur\u00e9e de 8 heures<\/p>\n<h3><strong>Aper\u00e7u du contenu de cette formation:<\/strong><\/h3>\n<ul style=\"list-style-type: circle;\">\n<li>La pr\u00e9vention des traumatismes<\/li>\n<li>La pr\u00e9vention des infections<\/li>\n<li>G\u00e9rer une situation d&#8217;urgence<\/li>\n<li>\u00c9valuer une situation d\u2019urgence<\/li>\n<li>Les urgences respiratoires<\/li>\n<li>La r\u00e9ction allergique s\u00e9v\u00e8re (anaphylaxie)<\/li>\n<li>Les urgences cardio-respiratoires<\/li>\n<li>Les plaies<\/li>\n<li>Les blessures \u00e0 la t\u00eate et \u00e0 la colonne vert\u00e9brale<\/li>\n<li>Les blessures musculo-squelettiques<\/li>\n<li>Les urgences m\u00e9dicales<\/li>\n<li>Urgences dues au froid et \u00e0 la chaleur<\/li>\n<li>Les empoisonnements<\/li>\n<li>Pr\u00e9vention de la maltraitance chez l&#8217;enfant<\/li>\n<\/ul>\n<p>S\u00e9quences vid\u00e9o repr\u00e9sentatives des techniques \u00e0 jour int\u00e9gr\u00e9es dans le document de formation.<\/p>\n<p>Suite \u00e0 la formation, les participants seront aptes \u00e0 :<\/p>\n<ul>\n<li>Respecter les r\u00e8gles de s\u00e9curit\u00e9 et les mesures de protection.<\/li>\n<li>\u00c9valuer une situation d\u2019urgence afin de prendre les d\u00e9cisions ad\u00e9quates.<\/li>\n<li>Prendre en charge l\u2019\u00e9tat de l\u2019enfant.<\/li>\n<li>Reconna\u00eetre et diff\u00e9rencier les signes et les sympt\u00f4mes pr\u00e9sents dans diverses situations.<\/li>\n<li>Appliquer les interventions de r\u00e9animation et les interventions sp\u00e9cifiques au probl\u00e8me de sant\u00e9 que pr\u00e9sente l\u2019enfant.<\/li>\n<\/ul>\n<p>Note de passage requise: 60%. En cas de 3 \u00e9checs, nous vous ferons parvenir un autre examen.<\/p>\n<p>&nbsp;<\/p>\n<p>Vous souhaitez en savoir plus sur cette formation? Contactez-nous!<\/p>\n","protected":false},"excerpt":{"rendered":"<p>The online <em><strong>First Aid for Day Camp and Vacation Camp Leaders<\/strong> <\/em>course provides the knowledge and skills necessary to intervene effectively with children.<\/p>\n<p>Form\u00e9duc uses today\u2019s technology to serve early childhood professionals! The online training offers the flexibility to tackle each chapter at your own pace and watch the video sequences of the techniques as many times as needed, helping solidify learning and boosting confidence. This approach takes into account the modern realities of teaching and the need to offer training when it suits the learner.<\/p>\n<h3><span style=\"color: #ff0000;\">Participants have 6 months from the order date to complete the course.<\/span><\/h3>\n<p>Once the training is completed, a certificate will be sent automatically by email. Physical cards are no longer automatically mailed. If participants wish to receive a physical card, they can request it by email, and it will be sent at no extra charge. The certificate is valid for 3 years.<\/p>\n<p>This course complies with the regulations for educational childcare services in schools and the Public Education Act (chapter l-13.3, a. 454.1). For workplaces outside Quebec, please check with your employer whether a certificate issued in Quebec will be accepted before ordering the training.<\/p>\n<ul>\n<li>First Aid Adapted for Day and Vacation Camps<\/li>\n<li>Includes a section on managing severe allergic reactions (anaphylaxis)<\/li>\n<li>Duration: 8 hours<\/li>\n<\/ul>\n<p>Don\u2019t wait any longer, order this affordable online training for $47.83.<\/p>\n","protected":false},"featured_media":119156,"comment_status":"closed","ping_status":"closed","template":"","meta":{"_acf_changed":false},"product_brand":[],"product_cat":[],"product_tag":[],"class_list":{"0":"post-131373","1":"product","2":"type-product","3":"status-publish","4":"has-post-thumbnail","7":"first","8":"instock","9":"virtual","10":"taxable","11":"purchasable","12":"product-type-simple"},"acf":[],"yoast_head":"<!-- This site is optimized with the Yoast SEO plugin v27.5 - https:\/\/yoast.com\/product\/yoast-seo-wordpress\/ -->\n<title>First Aid for Day Camp and Vacation Camp Leaders - Formeduc<\/title>\n<meta name=\"robots\" content=\"index, follow, max-snippet:-1, max-image-preview:large, max-video-preview:-1\" \/>\n<link rel=\"canonical\" href=\"https:\/\/www.formeduc.ca\/en\/first-aid-for-day-camp-and-vacation-camp-leaders\/\" \/>\n<meta property=\"og:locale\" content=\"en_US\" \/>\n<meta property=\"og:type\" content=\"article\" \/>\n<meta property=\"og:title\" content=\"First Aid for Day Camp and Vacation Camp Leaders - Formeduc\" \/>\n<meta property=\"og:description\" content=\"The online First Aid for Day Camp and Vacation Camp Leaders course provides the knowledge and skills necessary to intervene effectively with children.  Form\u00e9duc uses today\u2019s technology to serve early childhood professionals! The online training offers the flexibility to tackle each chapter at your own pace and watch the video sequences of the techniques as many times as needed, helping solidify learning and boosting confidence. This approach takes into account the modern realities of teaching and the need to offer training when it suits the learner. Participants have 6 months from the order date to complete the course. Once the training is completed, a certificate will be sent automatically by email. Physical cards are no longer automatically mailed. If participants wish to receive a physical card, they can request it by email, and it will be sent at no extra charge. The certificate is valid for 3 years.  This course complies with the regulations for educational childcare services in schools and the Public Education Act (chapter l-13.3, a. 454.1). For workplaces outside Quebec, please check with your employer whether a certificate issued in Quebec will be accepted before ordering the training.   First Aid Adapted for Day and Vacation Camps  Includes a section on managing severe allergic reactions (anaphylaxis)  Duration: 8 hours  Don\u2019t wait any longer, order this affordable online training for $47.83.\" \/>\n<meta property=\"og:url\" content=\"https:\/\/www.formeduc.ca\/en\/first-aid-for-day-camp-and-vacation-camp-leaders\/\" \/>\n<meta property=\"og:site_name\" content=\"Formeduc\" \/>\n<meta property=\"article:modified_time\" content=\"2026-05-09T19:16:26+00:00\" \/>\n<meta property=\"og:image\" content=\"https:\/\/www.formeduc.ca\/wp-content\/uploads\/2024\/04\/Secourisme-pour-animateur-de-camp-de-jour-et-moniteur-de-camp-de-vacances-1024x1024.png\" \/>\n\t<meta property=\"og:image:width\" content=\"1024\" \/>\n\t<meta property=\"og:image:height\" content=\"1024\" \/>\n\t<meta property=\"og:image:type\" content=\"image\/png\" \/>\n<meta name=\"twitter:label1\" content=\"Est. reading time\" \/>\n\t<meta name=\"twitter:data1\" content=\"3 minutes\" \/>\n<script type=\"application\/ld+json\" class=\"yoast-schema-graph\">{\"@context\":\"https:\\\/\\\/schema.org\",\"@graph\":[{\"@type\":\"WebPage\",\"@id\":\"https:\\\/\\\/www.formeduc.ca\\\/en\\\/first-aid-for-day-camp-and-vacation-camp-leaders\\\/\",\"url\":\"https:\\\/\\\/www.formeduc.ca\\\/en\\\/first-aid-for-day-camp-and-vacation-camp-leaders\\\/\",\"name\":\"First Aid for Day Camp and Vacation Camp Leaders - Formeduc\",\"isPartOf\":{\"@id\":\"https:\\\/\\\/www.formeduc.ca\\\/en\\\/#website\"},\"primaryImageOfPage\":{\"@id\":\"https:\\\/\\\/www.formeduc.ca\\\/en\\\/first-aid-for-day-camp-and-vacation-camp-leaders\\\/#primaryimage\"},\"image\":{\"@id\":\"https:\\\/\\\/www.formeduc.ca\\\/en\\\/first-aid-for-day-camp-and-vacation-camp-leaders\\\/#primaryimage\"},\"thumbnailUrl\":\"https:\\\/\\\/www.formeduc.ca\\\/wp-content\\\/uploads\\\/2024\\\/04\\\/Secourisme-pour-animateur-de-camp-de-jour-et-moniteur-de-camp-de-vacances.png\",\"datePublished\":\"2024-04-04T19:05:49+00:00\",\"dateModified\":\"2026-05-09T19:16:26+00:00\",\"breadcrumb\":{\"@id\":\"https:\\\/\\\/www.formeduc.ca\\\/en\\\/first-aid-for-day-camp-and-vacation-camp-leaders\\\/#breadcrumb\"},\"inLanguage\":\"en-US\",\"potentialAction\":[{\"@type\":\"ReadAction\",\"target\":[\"https:\\\/\\\/www.formeduc.ca\\\/en\\\/first-aid-for-day-camp-and-vacation-camp-leaders\\\/\"]}]},{\"@type\":\"ImageObject\",\"inLanguage\":\"en-US\",\"@id\":\"https:\\\/\\\/www.formeduc.ca\\\/en\\\/first-aid-for-day-camp-and-vacation-camp-leaders\\\/#primaryimage\",\"url\":\"https:\\\/\\\/www.formeduc.ca\\\/wp-content\\\/uploads\\\/2024\\\/04\\\/Secourisme-pour-animateur-de-camp-de-jour-et-moniteur-de-camp-de-vacances.png\",\"contentUrl\":\"https:\\\/\\\/www.formeduc.ca\\\/wp-content\\\/uploads\\\/2024\\\/04\\\/Secourisme-pour-animateur-de-camp-de-jour-et-moniteur-de-camp-de-vacances.png\",\"width\":1920,\"height\":1920},{\"@type\":\"BreadcrumbList\",\"@id\":\"https:\\\/\\\/www.formeduc.ca\\\/en\\\/first-aid-for-day-camp-and-vacation-camp-leaders\\\/#breadcrumb\",\"itemListElement\":[{\"@type\":\"ListItem\",\"position\":1,\"name\":\"Accueil\",\"item\":\"https:\\\/\\\/www.formeduc.ca\\\/en\\\/\"},{\"@type\":\"ListItem\",\"position\":2,\"name\":\"Shop\",\"item\":\"https:\\\/\\\/www.formeduc.ca\\\/en\\\/shop\\\/\"},{\"@type\":\"ListItem\",\"position\":3,\"name\":\"First Aid for Day Camp and Vacation Camp Leaders\"}]},{\"@type\":\"WebSite\",\"@id\":\"https:\\\/\\\/www.formeduc.ca\\\/en\\\/#website\",\"url\":\"https:\\\/\\\/www.formeduc.ca\\\/en\\\/\",\"name\":\"Formeduc\",\"description\":\"\",\"potentialAction\":[{\"@type\":\"SearchAction\",\"target\":{\"@type\":\"EntryPoint\",\"urlTemplate\":\"https:\\\/\\\/www.formeduc.ca\\\/en\\\/?s={search_term_string}\"},\"query-input\":{\"@type\":\"PropertyValueSpecification\",\"valueRequired\":true,\"valueName\":\"search_term_string\"}}],\"inLanguage\":\"en-US\"}]}<\/script>\n<!-- \/ Yoast SEO plugin. -->","yoast_head_json":{"title":"First Aid for Day Camp and Vacation Camp Leaders - Formeduc","robots":{"index":"index","follow":"follow","max-snippet":"max-snippet:-1","max-image-preview":"max-image-preview:large","max-video-preview":"max-video-preview:-1"},"canonical":"https:\/\/www.formeduc.ca\/en\/first-aid-for-day-camp-and-vacation-camp-leaders\/","og_locale":"en_US","og_type":"article","og_title":"First Aid for Day Camp and Vacation Camp Leaders - Formeduc","og_description":"The online First Aid for Day Camp and Vacation Camp Leaders course provides the knowledge and skills necessary to intervene effectively with children.  Form\u00e9duc uses today\u2019s technology to serve early childhood professionals! The online training offers the flexibility to tackle each chapter at your own pace and watch the video sequences of the techniques as many times as needed, helping solidify learning and boosting confidence. This approach takes into account the modern realities of teaching and the need to offer training when it suits the learner. Participants have 6 months from the order date to complete the course. Once the training is completed, a certificate will be sent automatically by email. Physical cards are no longer automatically mailed. If participants wish to receive a physical card, they can request it by email, and it will be sent at no extra charge. The certificate is valid for 3 years.  This course complies with the regulations for educational childcare services in schools and the Public Education Act (chapter l-13.3, a. 454.1). For workplaces outside Quebec, please check with your employer whether a certificate issued in Quebec will be accepted before ordering the training.   First Aid Adapted for Day and Vacation Camps  Includes a section on managing severe allergic reactions (anaphylaxis)  Duration: 8 hours  Don\u2019t wait any longer, order this affordable online training for $47.83.","og_url":"https:\/\/www.formeduc.ca\/en\/first-aid-for-day-camp-and-vacation-camp-leaders\/","og_site_name":"Formeduc","article_modified_time":"2026-05-09T19:16:26+00:00","og_image":[{"width":1024,"height":1024,"url":"https:\/\/www.formeduc.ca\/wp-content\/uploads\/2024\/04\/Secourisme-pour-animateur-de-camp-de-jour-et-moniteur-de-camp-de-vacances-1024x1024.png","type":"image\/png"}],"twitter_misc":{"Est. reading time":"3 minutes"},"schema":{"@context":"https:\/\/schema.org","@graph":[{"@type":"WebPage","@id":"https:\/\/www.formeduc.ca\/en\/first-aid-for-day-camp-and-vacation-camp-leaders\/","url":"https:\/\/www.formeduc.ca\/en\/first-aid-for-day-camp-and-vacation-camp-leaders\/","name":"First Aid for Day Camp and Vacation Camp Leaders - Formeduc","isPartOf":{"@id":"https:\/\/www.formeduc.ca\/en\/#website"},"primaryImageOfPage":{"@id":"https:\/\/www.formeduc.ca\/en\/first-aid-for-day-camp-and-vacation-camp-leaders\/#primaryimage"},"image":{"@id":"https:\/\/www.formeduc.ca\/en\/first-aid-for-day-camp-and-vacation-camp-leaders\/#primaryimage"},"thumbnailUrl":"https:\/\/www.formeduc.ca\/wp-content\/uploads\/2024\/04\/Secourisme-pour-animateur-de-camp-de-jour-et-moniteur-de-camp-de-vacances.png","datePublished":"2024-04-04T19:05:49+00:00","dateModified":"2026-05-09T19:16:26+00:00","breadcrumb":{"@id":"https:\/\/www.formeduc.ca\/en\/first-aid-for-day-camp-and-vacation-camp-leaders\/#breadcrumb"},"inLanguage":"en-US","potentialAction":[{"@type":"ReadAction","target":["https:\/\/www.formeduc.ca\/en\/first-aid-for-day-camp-and-vacation-camp-leaders\/"]}]},{"@type":"ImageObject","inLanguage":"en-US","@id":"https:\/\/www.formeduc.ca\/en\/first-aid-for-day-camp-and-vacation-camp-leaders\/#primaryimage","url":"https:\/\/www.formeduc.ca\/wp-content\/uploads\/2024\/04\/Secourisme-pour-animateur-de-camp-de-jour-et-moniteur-de-camp-de-vacances.png","contentUrl":"https:\/\/www.formeduc.ca\/wp-content\/uploads\/2024\/04\/Secourisme-pour-animateur-de-camp-de-jour-et-moniteur-de-camp-de-vacances.png","width":1920,"height":1920},{"@type":"BreadcrumbList","@id":"https:\/\/www.formeduc.ca\/en\/first-aid-for-day-camp-and-vacation-camp-leaders\/#breadcrumb","itemListElement":[{"@type":"ListItem","position":1,"name":"Accueil","item":"https:\/\/www.formeduc.ca\/en\/"},{"@type":"ListItem","position":2,"name":"Shop","item":"https:\/\/www.formeduc.ca\/en\/shop\/"},{"@type":"ListItem","position":3,"name":"First Aid for Day Camp and Vacation Camp Leaders"}]},{"@type":"WebSite","@id":"https:\/\/www.formeduc.ca\/en\/#website","url":"https:\/\/www.formeduc.ca\/en\/","name":"Formeduc","description":"","potentialAction":[{"@type":"SearchAction","target":{"@type":"EntryPoint","urlTemplate":"https:\/\/www.formeduc.ca\/en\/?s={search_term_string}"},"query-input":{"@type":"PropertyValueSpecification","valueRequired":true,"valueName":"search_term_string"}}],"inLanguage":"en-US"}]}},"_links":{"self":[{"href":"https:\/\/www.formeduc.ca\/en\/wp-json\/wp\/v2\/product\/131373","targetHints":{"allow":["GET"]}}],"collection":[{"href":"https:\/\/www.formeduc.ca\/en\/wp-json\/wp\/v2\/product"}],"about":[{"href":"https:\/\/www.formeduc.ca\/en\/wp-json\/wp\/v2\/types\/product"}],"replies":[{"embeddable":true,"href":"https:\/\/www.formeduc.ca\/en\/wp-json\/wp\/v2\/comments?post=131373"}],"wp:featuredmedia":[{"embeddable":true,"href":"https:\/\/www.formeduc.ca\/en\/wp-json\/wp\/v2\/media\/119156"}],"wp:attachment":[{"href":"https:\/\/www.formeduc.ca\/en\/wp-json\/wp\/v2\/media?parent=131373"}],"wp:term":[{"taxonomy":"product_brand","embeddable":true,"href":"https:\/\/www.formeduc.ca\/en\/wp-json\/wp\/v2\/product_brand?post=131373"},{"taxonomy":"product_cat","embeddable":true,"href":"https:\/\/www.formeduc.ca\/en\/wp-json\/wp\/v2\/product_cat?post=131373"},{"taxonomy":"product_tag","embeddable":true,"href":"https:\/\/www.formeduc.ca\/en\/wp-json\/wp\/v2\/product_tag?post=131373"}],"curies":[{"name":"wp","href":"https:\/\/api.w.org\/{rel}","templated":true}]}}